{"id":29982,"date":"2025-07-30T15:06:06","date_gmt":"2025-07-30T20:06:06","guid":{"rendered":"https:\/\/omdelfin.com\/?post_type=product&#038;p=29982"},"modified":"2026-02-26T00:47:06","modified_gmt":"2026-02-26T05:47:06","slug":"puerto-morelos-diving-shipwreck","status":"publish","type":"product","link":"https:\/\/omdelfin.com\/fr\/excursion\/puerto-morelos-diving-shipwreck\/","title":{"rendered":"Plong\u00e9e sur \u00e9pave \u00e0 Puerto Morelos"},"content":{"rendered":"<h3>Plong\u00e9e certifi\u00e9e sur l'\u00e9pave C-56 - Puerto Morelos<\/h3>\n<h2>Shipreck diving<\/h2>\n<p>Explorez une \u00e9pave pleine d'histoire, de vie marine et d'aventure.<\/p>\n<p>Vous \u00eates un plongeur certifi\u00e9 \u00e0 la recherche d'une plong\u00e9e passionnante dans les Cara\u00efbes mexicaines ? Plongez avec nous sur le C-56 \"Juan Escutia\", un navire de guerre coul\u00e9 intentionnellement et devenu l'un des sites de plong\u00e9e les plus impressionnants de la Riviera Maya. Cette exp\u00e9rience de plong\u00e9e profonde combine le meilleur de la plong\u00e9e sur \u00e9pave avec une vie marine abondante et des conditions id\u00e9ales.<\/p>\n<h3>\u00a0Qu'est-ce que le C-56 ?<\/h3>\n<p>Le C-56 \u00e9tait un patrouilleur de la marine mexicaine, qui faisait \u00e0 l'origine partie de la marine am\u00e9ricaine pendant la Seconde Guerre mondiale. En 2000, il a \u00e9t\u00e9 coul\u00e9 \u00e0 dessein au large de Puerto Morelos, \u00e0 l'int\u00e9rieur du parc national d'Arrecife, pour cr\u00e9er un r\u00e9cif artificiel et attirer la vie marine. Aujourd'hui, il repose \u00e0 27 m\u00e8tres de profondeur, parfaitement perch\u00e9 sur le fond sablonneux, offrant un spectacle impressionnant tant par sa taille que par sa biodiversit\u00e9.<\/p>\n<p>&nbsp;<\/p>\n<h3>\u00a0Pourquoi plonger sur le C-56 ?<\/h3>\n<h2>Shipreck dive<\/h2>\n<p>Id\u00e9al pour les plongeurs avanc\u00e9s : \u00e0 27 m\u00e8tres de profondeur, c'est une plong\u00e9e parfaite pour les plongeurs certifi\u00e9s qui veulent aller au-del\u00e0 du r\u00e9cif peu profond.<\/p>\n<p>\u00c9pave en excellent \u00e9tat : Vous pouvez explorer l'ext\u00e9rieur de la coque, les tourelles, les compartiments et les passages prot\u00e9g\u00e9s.<\/p>\n<p>Une vie marine incroyable : il est courant de voir des barracudas, des bancs de poissons, des tortues, des raies, des mur\u00e8nes et, en saison, m\u00eame des requins taureaux.<\/p>\n<p>Photographie sous-marine unique : la structure du bateau et la lumi\u00e8re des Cara\u00efbes cr\u00e9ent des arri\u00e8re-plans spectaculaires pour les photos et les vid\u00e9os.<\/p>\n<p>Moins de monde : contrairement aux destinations de plong\u00e9e plus touristiques, ici vous pouvez profiter d'une exp\u00e9rience plus calme et plus authentique.<\/p>\n<p>&nbsp;<\/p>","protected":false},"excerpt":{"rendered":"<p>Que vous soyez passionn\u00e9 par les \u00e9paves, \u00e0 la recherche d'un nouveau d\u00e9fi en tant que plongeur certifi\u00e9 ou que vous souhaitiez vivre une exp\u00e9rience diff\u00e9rente dans les Cara\u00efbes, le C-56 est l'un des endroits \u00e0 ne pas manquer.\n\nR\u00e9servez votre place d\u00e8s aujourd'hui et plongez dans une histoire sous-marine que peu de gens ont explor\u00e9e.<\/p>\n<p>R\u00e9servez votre place d\u00e8s aujourd'hui et plongez dans une histoire sous-marine que peu de gens ont explor\u00e9e.<\/p>\n<p>Plong\u00e9e r\u00e9serv\u00e9e aux plongeurs certifi\u00e9s<\/p>","protected":false},"featured_media":29170,"template":"","meta":[],"product_brand":[],"product_cat":[1550],"product_tag":[],"class_list":{"0":"post-29982","1":"product","2":"type-product","3":"status-publish","4":"has-post-thumbnail","6":"product_cat-puerto-morelos-scuba-dive","8":"first","9":"instock","10":"sold-individually","11":"taxable","12":"shipping-taxable","13":"purchasable","14":"product-type-booking"},"booking_location":"","booking_location_type":"","booking_duration":1,"booking_duration_unit":"day","booking_buffer":0,"booking_cost":2400,"booking_resources":[],"aioseo_notices":[],"_links":{"self":[{"href":"https:\/\/omdelfin.com\/fr\/wp-json\/wp\/v2\/product\/29982","targetHints":{"allow":["GET"]}}],"collection":[{"href":"https:\/\/omdelfin.com\/fr\/wp-json\/wp\/v2\/product"}],"about":[{"href":"https:\/\/omdelfin.com\/fr\/wp-json\/wp\/v2\/types\/product"}],"wp:featuredmedia":[{"embeddable":true,"href":"https:\/\/omdelfin.com\/fr\/wp-json\/wp\/v2\/media\/29170"}],"wp:attachment":[{"href":"https:\/\/omdelfin.com\/fr\/wp-json\/wp\/v2\/media?parent=29982"}],"wp:term":[{"taxonomy":"product_brand","embeddable":true,"href":"https:\/\/omdelfin.com\/fr\/wp-json\/wp\/v2\/product_brand?post=29982"},{"taxonomy":"product_cat","embeddable":true,"href":"https:\/\/omdelfin.com\/fr\/wp-json\/wp\/v2\/product_cat?post=29982"},{"taxonomy":"product_tag","embeddable":true,"href":"https:\/\/omdelfin.com\/fr\/wp-json\/wp\/v2\/product_tag?post=29982"}],"curies":[{"name":"wp","href":"https:\/\/api.w.org\/{rel}","templated":true}]}}