{"id":29748,"date":"2025-05-23T18:10:35","date_gmt":"2025-05-23T23:10:35","guid":{"rendered":"https:\/\/omdelfin.com\/?post_type=product&#038;p=29748"},"modified":"2026-02-26T00:52:20","modified_gmt":"2026-02-26T05:52:20","slug":"1-padi-scuba-diver","status":"publish","type":"product","link":"https:\/\/omdelfin.com\/fr\/excursion\/1-padi-scuba-diver\/","title":{"rendered":"1. PADI SCUBA DIVER"},"content":{"rendered":"<p><strong>CE QUE VOUS VERREZ<\/strong><\/p>\n<p>Diff\u00e9rents types de coraux durs ou mous avec beaucoup de vie marine comme les raies, les tortues, les poissons perroquets, les poissons-globe, les poissons-lions, les poissons-soldats, les poisson grognons<\/p>\n<p><strong>\u00c9QUIPEMENT<\/strong><\/p>\n<p>Nous vous fournirons : BCD, d\u00e9tendeurs, combinaisons, masques, palmes, plombs, bouteilles et lampes flash si n\u00e9cessaire.<\/p>\n<ul>\n<li>Programme de 2 jours<\/li>\n<li>De 8:30 a 16:30<\/li>\n<li>Equipement inclus<\/li>\n<li>Formation en piscine<\/li>\n<li>2 plong\u00e9es en milieu naturel<\/li>\n<li>Livre et tables de plong\u00e9e (non inclus 1700 MXN APROX)<\/li>\n<li>Journal de bord<\/li>\n<\/ul>\n<h2>PADI SCUBA DIVING<\/h2>\n<ul>\n<li>Certification<\/li>\n<\/ul>\n<p>&nbsp;<\/p>\n<p>&nbsp;<\/p>","protected":false},"excerpt":{"rendered":"<p>Si vous n'avez pas beaucoup de temps mais que vous voulez vraiment devenir plongeur, le cours PADI Scuba Diver peut vous convenir, en particulier si vous pr\u00e9voyez de faire de la plong\u00e9e sous-marine principalement avec un guide de plong\u00e9e. Ce cours est une \u00e9tape interm\u00e9diaire pour obtenir la certification Open Water Diver, si c'est votre but ultime.<\/p>\n<p>Pour s'inscrire \u00e0 un cours PADI Scuba Diver (ou Junior Scuba Diver), il faut \u00eatre \u00e2g\u00e9 de 10 ans ou plus. Vous devez savoir nager. Aucune exp\u00e9rience pr\u00e9alable de la plong\u00e9e sous-marine n'est requise.<\/p>\n<p>Si vous voulez faire votre activit\u00e9 avant, contactez-nous par email ou par whatsapp, pour v\u00e9rifier la disponibilit\u00e9.<\/p>\n<p>&nbsp;<\/p>","protected":false},"featured_media":29679,"template":"","meta":[],"product_brand":[],"product_cat":[1552],"product_tag":[],"class_list":{"0":"post-29748","1":"product","2":"type-product","3":"status-publish","4":"has-post-thumbnail","6":"product_cat-diving-courses","8":"first","9":"instock","10":"sold-individually","11":"taxable","12":"shipping-taxable","13":"purchasable","14":"product-type-booking"},"booking_location":"","booking_location_type":"","booking_duration":1,"booking_duration_unit":"day","booking_buffer":0,"booking_cost":6050,"booking_resources":[],"aioseo_notices":[],"_links":{"self":[{"href":"https:\/\/omdelfin.com\/fr\/wp-json\/wp\/v2\/product\/29748","targetHints":{"allow":["GET"]}}],"collection":[{"href":"https:\/\/omdelfin.com\/fr\/wp-json\/wp\/v2\/product"}],"about":[{"href":"https:\/\/omdelfin.com\/fr\/wp-json\/wp\/v2\/types\/product"}],"wp:featuredmedia":[{"embeddable":true,"href":"https:\/\/omdelfin.com\/fr\/wp-json\/wp\/v2\/media\/29679"}],"wp:attachment":[{"href":"https:\/\/omdelfin.com\/fr\/wp-json\/wp\/v2\/media?parent=29748"}],"wp:term":[{"taxonomy":"product_brand","embeddable":true,"href":"https:\/\/omdelfin.com\/fr\/wp-json\/wp\/v2\/product_brand?post=29748"},{"taxonomy":"product_cat","embeddable":true,"href":"https:\/\/omdelfin.com\/fr\/wp-json\/wp\/v2\/product_cat?post=29748"},{"taxonomy":"product_tag","embeddable":true,"href":"https:\/\/omdelfin.com\/fr\/wp-json\/wp\/v2\/product_tag?post=29748"}],"curies":[{"name":"wp","href":"https:\/\/api.w.org\/{rel}","templated":true}]}}