{"id":29743,"date":"2025-05-23T18:07:46","date_gmt":"2025-05-23T23:07:46","guid":{"rendered":"https:\/\/omdelfin.com\/?post_type=product&#038;p=29743"},"modified":"2026-02-26T00:52:43","modified_gmt":"2026-02-26T05:52:43","slug":"2-open-water-course-in-puerto-morelos","status":"publish","type":"product","link":"https:\/\/omdelfin.com\/fr\/excursion\/2-open-water-course-in-puerto-morelos\/","title":{"rendered":"2. Cours Open Water \u00e0 Puerto Morelos"},"content":{"rendered":"<h1>Diving Puerto Morelos Open Water<\/h1>\n<p>Si vous voulez faire votre activit\u00e9 avant, contactez-nous par email ou whatsapp, pour v\u00e9rifier la disponibilit\u00e9. Aucune exp\u00e9rience pr\u00e9alable de plong\u00e9e n'est n\u00e9cessaire, mais vous devez savoir nager et avoir 10 ans.<\/p>\n<p><strong>Comprend<\/strong><\/p>\n<ul>\n<li>Programme de 3 \u00e0 4 jours<\/li>\n<li>De 8:30 a 16:30<\/li>\n<li>Equipement inclus<\/li>\n<li>Formation en piscine<\/li>\n<li>4 plong\u00e9es en eau libre<\/li>\n<li>Journal de bord<\/li>\n<\/ul>\n<h2>Dive in Puerto Morelos<\/h2>\n<p><strong>Il ne comprend pas<\/strong><\/p>\n<ul>\n<li>Livres et tables de plong\u00e9e (1 700 MXN)<\/li>\n<li>Photos et vid\u00e9os (service multim\u00e9dia sur demande)<\/li>\n<li>Les astuces et le non sp\u00e9cifi\u00e9<\/li>\n<\/ul>\n<p><strong>Exigences<\/strong><\/p>\n<ul>\n<li>Ne prenez pas l'avion pendant les 18 prochaines heures<\/li>\n<li>Signer un questionnaire m\u00e9dical et de responsabilit\u00e9<\/li>\n<\/ul>\n<p>&nbsp;<\/p>\n<p>Un programme de 3 \u00e0 4 jours pour obtenir votre licence de plong\u00e9e sous-marine<\/p>\n<p><em>Aucune exp\u00e9rience de plong\u00e9e n'est n\u00e9cessaire<\/em><\/p>\n<p>&nbsp;<\/p>","protected":false},"excerpt":{"rendered":"<p>Dans le cours PADI Open Water Diver, vous apprenez \u00e0 utiliser un \u00e9quipement de plong\u00e9e de base, comprenant un masque, un tuba, des palmes, un d\u00e9tendeur, un dispositif de contr\u00f4le de la flottabilit\u00e9 et une bouteille.<\/p>\n<p>Apr\u00e8s cette certification, vous pouvez plonger jusqu'\u00e0 18 m\u00e8tres.<\/p>\n<p>Si vous voulez faire votre activit\u00e9 avant, contactez-nous par email ou par whatsapp, pour v\u00e9rifier la disponibilit\u00e9.<\/p>\n<p>&nbsp;<\/p>","protected":false},"featured_media":29687,"template":"","meta":[],"product_brand":[],"product_cat":[1552],"product_tag":[],"class_list":{"0":"post-29743","1":"product","2":"type-product","3":"status-publish","4":"has-post-thumbnail","6":"product_cat-diving-courses","8":"first","9":"instock","10":"sold-individually","11":"taxable","12":"shipping-taxable","13":"purchasable","14":"product-type-booking"},"booking_location":"","booking_location_type":"","booking_duration":1,"booking_duration_unit":"day","booking_buffer":0,"booking_cost":8650,"booking_resources":[],"aioseo_notices":[],"_links":{"self":[{"href":"https:\/\/omdelfin.com\/fr\/wp-json\/wp\/v2\/product\/29743","targetHints":{"allow":["GET"]}}],"collection":[{"href":"https:\/\/omdelfin.com\/fr\/wp-json\/wp\/v2\/product"}],"about":[{"href":"https:\/\/omdelfin.com\/fr\/wp-json\/wp\/v2\/types\/product"}],"wp:featuredmedia":[{"embeddable":true,"href":"https:\/\/omdelfin.com\/fr\/wp-json\/wp\/v2\/media\/29687"}],"wp:attachment":[{"href":"https:\/\/omdelfin.com\/fr\/wp-json\/wp\/v2\/media?parent=29743"}],"wp:term":[{"taxonomy":"product_brand","embeddable":true,"href":"https:\/\/omdelfin.com\/fr\/wp-json\/wp\/v2\/product_brand?post=29743"},{"taxonomy":"product_cat","embeddable":true,"href":"https:\/\/omdelfin.com\/fr\/wp-json\/wp\/v2\/product_cat?post=29743"},{"taxonomy":"product_tag","embeddable":true,"href":"https:\/\/omdelfin.com\/fr\/wp-json\/wp\/v2\/product_tag?post=29743"}],"curies":[{"name":"wp","href":"https:\/\/api.w.org\/{rel}","templated":true}]}}