{"id":29742,"date":"2025-05-23T18:06:25","date_gmt":"2025-05-23T23:06:25","guid":{"rendered":"https:\/\/omdelfin.com\/?post_type=product&#038;p=29742"},"modified":"2026-02-26T00:53:37","modified_gmt":"2026-02-26T05:53:37","slug":"3-advanced-open-water-diver","status":"publish","type":"product","link":"https:\/\/omdelfin.com\/fr\/excursion\/3-advanced-open-water-diver\/","title":{"rendered":"3. PLONGEUR AVANC\u00c9 EN EAU LIBRE"},"content":{"rendered":"<p>CE QUE VOUS VERREZ<\/p>\n<h2>ADVANCE OPEN WATER<\/h2>\n<p>D\u00e9couvrez diff\u00e9rents types de coraux durs ou mous, ainsi qu'une faune marine abondante, notamment des raies, des tortues, des poissons-perroquets, des poissons-globe, des poissons-lions, des poissons-soldats, des gorettes et bien d'autres encore.<\/p>\n<p>\u00c9QUIPEMENT<\/p>\n<p>Nous fournissons : gilet stabilisateur (BCD), d\u00e9tendeur, combinaison, masque, palmes, poids, bouteilles et lampe torche si n\u00e9cessaire.<\/p>\n<p>Les plongeurs PADI (Junior) Open Water qui ont au moins 12 ans sont pr\u00eats \u00e0 passer \u00e0 la vitesse sup\u00e9rieure et \u00e0 s'inscrire \u00e0 un cours Advanced Open Water Diver.<\/p>\n<p><strong>Comprend<\/strong><\/p>\n<ul>\n<li>Programme de 2 \u00e0 3 jours<\/li>\n<li>Equipement inclus<\/li>\n<li>5 plong\u00e9es avec diff\u00e9rentes sp\u00e9cialit\u00e9s au choix<\/li>\n<li>Certification<\/li>\n<\/ul>\n<p><strong>Il ne comprend pas<\/strong><\/p>\n<ul>\n<li>Livres et tables de plong\u00e9e (environ 1 500 MXN)<\/li>\n<\/ul>","protected":false},"excerpt":{"rendered":"<p>Il n'est pas n\u00e9cessaire d'\u00eatre \u00ab avanc\u00e9 \u00bb pour le suivre : c'est exactement l'objectif du cours PADI Advanced Open Water, con\u00e7u pour vous aider \u00e0 perfectionner vos comp\u00e9tences en plong\u00e9e. Vous pouvez commencer d\u00e8s que vous avez obtenu votre certification PADI Open Water Diver. Ce cours vous aide \u00e0 renforcer votre confiance et \u00e0 d\u00e9velopper vos comp\u00e9tences en plong\u00e9e sous-marine gr\u00e2ce \u00e0 une s\u00e9rie de plong\u00e9es Adventure Dives. Vous essaierez diff\u00e9rentes sp\u00e9cialit\u00e9s tout en acqu\u00e9rant de l'exp\u00e9rience sous la supervision de votre instructeur PADI. Au fur et \u00e0 mesure que vous enregistrez vos plong\u00e9es, vous d\u00e9veloppez de nouvelles capacit\u00e9s et d\u00e9couvrez d'autres fa\u00e7ons de profiter de la plong\u00e9e sous-marine.<\/p>\n<p>&nbsp;<\/p>\n<p>Si vous souhaitez r\u00e9server votre activit\u00e9 \u00e0 l'avance, contactez-nous par e-mail ou WhatsApp pour v\u00e9rifier la disponibilit\u00e9.<\/p>\n<p>&nbsp;<\/p>","protected":false},"featured_media":29694,"template":"","meta":[],"product_brand":[],"product_cat":[1552],"product_tag":[],"class_list":{"0":"post-29742","1":"product","2":"type-product","3":"status-publish","4":"has-post-thumbnail","6":"product_cat-diving-courses","8":"first","9":"instock","10":"sold-individually","11":"taxable","12":"shipping-taxable","13":"purchasable","14":"product-type-booking"},"booking_location":"","booking_location_type":"","booking_duration":1,"booking_duration_unit":"day","booking_buffer":0,"booking_cost":8350,"booking_resources":[],"aioseo_notices":[],"_links":{"self":[{"href":"https:\/\/omdelfin.com\/fr\/wp-json\/wp\/v2\/product\/29742","targetHints":{"allow":["GET"]}}],"collection":[{"href":"https:\/\/omdelfin.com\/fr\/wp-json\/wp\/v2\/product"}],"about":[{"href":"https:\/\/omdelfin.com\/fr\/wp-json\/wp\/v2\/types\/product"}],"wp:featuredmedia":[{"embeddable":true,"href":"https:\/\/omdelfin.com\/fr\/wp-json\/wp\/v2\/media\/29694"}],"wp:attachment":[{"href":"https:\/\/omdelfin.com\/fr\/wp-json\/wp\/v2\/media?parent=29742"}],"wp:term":[{"taxonomy":"product_brand","embeddable":true,"href":"https:\/\/omdelfin.com\/fr\/wp-json\/wp\/v2\/product_brand?post=29742"},{"taxonomy":"product_cat","embeddable":true,"href":"https:\/\/omdelfin.com\/fr\/wp-json\/wp\/v2\/product_cat?post=29742"},{"taxonomy":"product_tag","embeddable":true,"href":"https:\/\/omdelfin.com\/fr\/wp-json\/wp\/v2\/product_tag?post=29742"}],"curies":[{"name":"wp","href":"https:\/\/api.w.org\/{rel}","templated":true}]}}