{"id":29735,"date":"2025-05-23T18:04:59","date_gmt":"2025-05-23T23:04:59","guid":{"rendered":"https:\/\/omdelfin.com\/?post_type=product&#038;p=29735"},"modified":"2025-08-28T12:25:45","modified_gmt":"2025-08-28T17:25:45","slug":"4-rescue-diver","status":"publish","type":"product","link":"https:\/\/omdelfin.com\/fr\/excursion\/4-rescue-diver\/","title":{"rendered":"4. Plongeur sauveteur"},"content":{"rendered":"<p>Pour compl\u00e9ter votre <span style=\"font-weight: normal !msorm;\"><strong>Plongeur de sauvetage<\/strong><\/span><span style=\"font-weight: normal !msorm;\"><strong>iver<\/strong><\/span> Bien s\u00fbr, vous devez \u00eatre titulaire d'un certificat valide du cours Emergency First Response (EFR) (cours d'une journ\u00e9e).<\/p>\n<p>PREMIERS SECOURS D'URGENCE (3 500 MXN)<br \/>\nLa formation aux premiers secours d'urgence vise \u00e0 renforcer la confiance des sauveteurs non professionnels et leur volont\u00e9 d'intervenir en cas d'urgence m\u00e9dicale. Les participants au cours apprennent des \u00e9tapes simples \u00e0 suivre pour les soins d'urgence et s'exercent \u00e0 appliquer les comp\u00e9tences dans un environnement d'apprentissage non stressant. Tous les cours sont accompagn\u00e9s de manuels d'auto-apprentissage, de vid\u00e9os et de cartes de r\u00e9f\u00e9rence rapide afin d'am\u00e9liorer l'apprentissage et de vous permettre de commencer \u00e0 apprendre imm\u00e9diatement.<\/p>\n<p class=\"translation-block\">Les cours EFR r\u00e9pondent aux exigences de formation en RCP et en premiers secours pour le cours PADI Rescue Diver et toutes les certifications de niveau professionnel. La plupart des instructeurs PADI sont \u00e9galement instructeurs Emergency First Response.<\/p>\n<p>Les cours EFR suivants sont bas\u00e9s sur les directives m\u00e9dicales internationalement reconnues en mati\u00e8re de soins d'urgence.<\/p>\n<h2>RESCUDE DIVER COURSE<\/h2>\n<p><strong>CE QUE VOUS VERREZ<\/strong><\/p>\n<p>D\u00e9couvrez diff\u00e9rents types de coraux durs ou mous, ainsi qu'une faune marine abondante, notamment des raies, des tortues, des poissons-perroquets, des poissons-globe, des poissons-lions, des poissons-soldats, des gorettes et bien d'autres encore.<\/p>\n<p><strong>\u00c9QUIPEMENT<\/strong><\/p>\n<p>Nous fournissons : gilet stabilisateur (BCD), d\u00e9tendeur, combinaison, masque, palmes, poids, bouteilles et lampe torche si n\u00e9cessaire.<\/p>\n<p>Les livres et les tables de plong\u00e9e ne sont pas inclus (environ 1 600 MXN).<\/p>","protected":false},"excerpt":{"rendered":"<p>Les plongeurs sous-marins d\u00e9crivent le <span style=\"font-weight: normal !msorm;\">PADI Rescue Diver<\/span> Ce cours est consid\u00e9r\u00e9 comme le plus difficile, mais aussi le plus enrichissant qu'ils aient jamais suivi. Pourquoi ? Parce qu'il vous apprend \u00e0 pr\u00e9venir et \u00e0 g\u00e9rer les probl\u00e8mes dans l'eau et \u00e0 gagner en confiance dans vos comp\u00e9tences de plongeur, sachant que vous pouvez aider les autres en cas de besoin.<\/p>\n<p>Au cours de cette formation, vous apprendrez \u00e0 devenir un meilleur compagnon en mettant en pratique vos comp\u00e9tences en mati\u00e8re de r\u00e9solution de probl\u00e8mes jusqu'\u00e0 ce qu'elles deviennent une seconde nature. De plus, cette formation est tout simplement amusante : elle est s\u00e9rieuse, mais permet tout de m\u00eame de rire beaucoup tout en restant concentr\u00e9 sur l'apprentissage.<\/p>\n<p>Si vous souhaitez r\u00e9server votre activit\u00e9 \u00e0 l'avance, contactez-nous par e-mail ou WhatsApp pour v\u00e9rifier la disponibilit\u00e9.<\/p>\n<p>&nbsp;<\/p>","protected":false},"featured_media":29700,"template":"","meta":[],"product_brand":[],"product_cat":[1552],"product_tag":[],"class_list":{"0":"post-29735","1":"product","2":"type-product","3":"status-publish","4":"has-post-thumbnail","6":"product_cat-diving-courses","8":"first","9":"instock","10":"sold-individually","11":"taxable","12":"shipping-taxable","13":"purchasable","14":"product-type-booking"},"booking_location":"","booking_location_type":"","booking_duration":1,"booking_duration_unit":"day","booking_buffer":0,"booking_cost":7800,"booking_resources":[],"aioseo_notices":[],"_links":{"self":[{"href":"https:\/\/omdelfin.com\/fr\/wp-json\/wp\/v2\/product\/29735","targetHints":{"allow":["GET"]}}],"collection":[{"href":"https:\/\/omdelfin.com\/fr\/wp-json\/wp\/v2\/product"}],"about":[{"href":"https:\/\/omdelfin.com\/fr\/wp-json\/wp\/v2\/types\/product"}],"wp:featuredmedia":[{"embeddable":true,"href":"https:\/\/omdelfin.com\/fr\/wp-json\/wp\/v2\/media\/29700"}],"wp:attachment":[{"href":"https:\/\/omdelfin.com\/fr\/wp-json\/wp\/v2\/media?parent=29735"}],"wp:term":[{"taxonomy":"product_brand","embeddable":true,"href":"https:\/\/omdelfin.com\/fr\/wp-json\/wp\/v2\/product_brand?post=29735"},{"taxonomy":"product_cat","embeddable":true,"href":"https:\/\/omdelfin.com\/fr\/wp-json\/wp\/v2\/product_cat?post=29735"},{"taxonomy":"product_tag","embeddable":true,"href":"https:\/\/omdelfin.com\/fr\/wp-json\/wp\/v2\/product_tag?post=29735"}],"curies":[{"name":"wp","href":"https:\/\/api.w.org\/{rel}","templated":true}]}}