{"id":29733,"date":"2025-05-23T18:02:32","date_gmt":"2025-05-23T23:02:32","guid":{"rendered":"https:\/\/omdelfin.com\/?post_type=product&#038;p=29733"},"modified":"2025-10-06T16:07:12","modified_gmt":"2025-10-06T21:07:12","slug":"5-dive-master","status":"publish","type":"product","link":"https:\/\/omdelfin.com\/fr\/excursion\/5-dive-master\/","title":{"rendered":"5. DIVE MASTER"},"content":{"rendered":"<p>Vous aimez la plong\u00e9e sous-marine ? Vous voulez la partager avec d'autres \u00e0 un tout autre niveau ? Suivez le cours PADI Divemaster et faites carri\u00e8re dans ce que vous aimez. Les plongeurs sous-marins admirent les divemasters car ce sont des leaders qui encadrent et motivent les autres. En tant que divemaster, vous pourrez non seulement plonger beaucoup, mais aussi \u00e9prouver la joie de voir les autres prendre autant de plaisir \u00e0 plonger que vous.<\/p>\n<h2>DIVE MASTER COURSE<\/h2>\n<p>En tant que PADI Divemaster, vous dirigerez d'autres personnes en supervisant des activit\u00e9s de plong\u00e9e sous-marine et en aidant \u00e0 la formation des plongeurs. Que vous souhaitiez travailler dans une destination de plong\u00e9e lointaine ou pr\u00e8s de chez vous dans un magasin de plong\u00e9e local, l'aventure d'une vie vous attend. Les PADI Divemasters sont des professionnels de la plong\u00e9e respect\u00e9s qui s'alignent sur l'organisation de plong\u00e9e la plus importante et la plus respect\u00e9e au monde - PADI.<\/p>\n<p>&nbsp;<\/p>\n<p><strong>CE QUE VOUS VERREZ<\/strong><\/p>\n<p>Diff\u00e9rents types de coraux durs ou mous avec beaucoup de vie marine comme les raies, les tortues, les poissons perroquets, les poissons-globe, les poissons-lions, les poissons-soldats, les poissons-grognements.<\/p>\n<p>&nbsp;<\/p>\n<div class=\"elementor-element elementor-element-a341764 elementor-widget elementor-widget-heading\" data-id=\"a341764\" data-element_type=\"widget\" data-widget_type=\"heading.default\">\n<div class=\"elementor-widget-container\">\n<h3 class=\"elementor-heading-title elementor-size-default\">\u00c9QUIPEMENT<\/h3>\n<\/div>\n<\/div>\n<div class=\"elementor-element elementor-element-80bbdb2 elementor-widget elementor-widget-text-editor\" data-id=\"80bbdb2\" data-element_type=\"widget\" data-widget_type=\"text-editor.default\">\n<div class=\"elementor-widget-container\">\n<p>Nous vous fournirons : BCD, d\u00e9tendeurs, combinaisons, masques, palmes, plombs, bouteilles et lampes flash si n\u00e9cessaire.<\/p>\n<\/div>\n<p>&nbsp;<\/p>\n<ul>\n<li>Minimum de 50 plong\u00e9es enregistr\u00e9es<\/li>\n<li>Programme de 8 \u00e0 10 jours<\/li>\n<li>Equipement inclus<\/li>\n<li>Pack de l'\u00e9quipage du Divemaster<\/li>\n<li>Formation et plong\u00e9es<\/li>\n<li>Les livres et les tables de plong\u00e9e ne sont pas inclus (environ 1 700 MXN).<\/li>\n<\/ul>\n<\/div>","protected":false},"excerpt":{"rendered":"<p>Le cours PADI Divemaster est votre premier niveau de formation professionnelle. En travaillant en \u00e9troite collaboration avec un instructeur PADI, vous perfectionnerez vos techniques de plong\u00e9e, comme le vol stationnaire sans effort, et vous affinerez vos techniques de sauvetage afin d'anticiper et de r\u00e9soudre facilement les probl\u00e8mes les plus courants. Vous acquerrez des connaissances en mati\u00e8re de plong\u00e9e, de gestion et de supervision afin de devenir un mod\u00e8le pour tous les plongeurs.<\/p>\n<p>Si vous voulez faire votre activit\u00e9 avant, contactez-nous par email ou par whatsapp, pour v\u00e9rifier la disponibilit\u00e9.<\/p>\n<p>&nbsp;<\/p>","protected":false},"featured_media":29701,"template":"","meta":[],"product_brand":[],"product_cat":[1552],"product_tag":[],"class_list":{"0":"post-29733","1":"product","2":"type-product","3":"status-publish","4":"has-post-thumbnail","6":"product_cat-diving-courses","8":"first","9":"instock","10":"sold-individually","11":"taxable","12":"shipping-taxable","13":"purchasable","14":"product-type-booking"},"booking_location":"","booking_location_type":"","booking_duration":1,"booking_duration_unit":"day","booking_buffer":0,"booking_cost":22900,"booking_resources":[],"aioseo_notices":[],"_links":{"self":[{"href":"https:\/\/omdelfin.com\/fr\/wp-json\/wp\/v2\/product\/29733","targetHints":{"allow":["GET"]}}],"collection":[{"href":"https:\/\/omdelfin.com\/fr\/wp-json\/wp\/v2\/product"}],"about":[{"href":"https:\/\/omdelfin.com\/fr\/wp-json\/wp\/v2\/types\/product"}],"wp:featuredmedia":[{"embeddable":true,"href":"https:\/\/omdelfin.com\/fr\/wp-json\/wp\/v2\/media\/29701"}],"wp:attachment":[{"href":"https:\/\/omdelfin.com\/fr\/wp-json\/wp\/v2\/media?parent=29733"}],"wp:term":[{"taxonomy":"product_brand","embeddable":true,"href":"https:\/\/omdelfin.com\/fr\/wp-json\/wp\/v2\/product_brand?post=29733"},{"taxonomy":"product_cat","embeddable":true,"href":"https:\/\/omdelfin.com\/fr\/wp-json\/wp\/v2\/product_cat?post=29733"},{"taxonomy":"product_tag","embeddable":true,"href":"https:\/\/omdelfin.com\/fr\/wp-json\/wp\/v2\/product_tag?post=29733"}],"curies":[{"name":"wp","href":"https:\/\/api.w.org\/{rel}","templated":true}]}}