{"id":29087,"date":"2024-10-01T16:52:30","date_gmt":"2024-10-01T21:52:30","guid":{"rendered":"https:\/\/omdelfin.com\/?post_type=product&#038;p=29087"},"modified":"2026-02-26T00:49:08","modified_gmt":"2026-02-26T05:49:08","slug":"cozumel","status":"publish","type":"product","link":"https:\/\/omdelfin.com\/fr\/excursion\/cozumel\/","title":{"rendered":"Cozumel"},"content":{"rendered":"<h2>SCUBA DIVING IN COZUMEL<\/h2>\n<p>La plong\u00e9e sous-marine \u00e0 Cozumel est rendue encore plus \u00e9tonnante par les eaux cristallines de l'oc\u00e9an, qui offrent une visibilit\u00e9 incroyable, comme si la nature savait qu'une telle beaut\u00e9 m\u00e9ritait d'\u00eatre vue aussi clairement que possible lors de presque toutes les plong\u00e9es.<\/p>\n<p>Ce que vous verrez \u00e0 Cozumel<br \/>\nDiff\u00e9rents types de coraux durs ou mous avec beaucoup de vie marine comme les raies, les tortues, les poissons perroquets, les poissons-globe, les poissons-lions, les poissons-soldats, les poisson grognons<\/p>\n<p>EQUIPEMENT pour plonger \u00e0 Cozumel<br \/>\nNous vous fournirons : BCD, d\u00e9tendeurs, combinaisons, masques, palmes, plombs, bouteilles et lampes flash si n\u00e9cessaire. Tout ce dont vous avez besoin pour la plong\u00e9e sous-marine \u00e0 Puerto Morelos au Mexique.<\/p>\n<p>Schedules:<\/p>\n<p>7 am to 1 pm<\/p>\n<p>12:30 to 5:30 pm<\/p>\n<p>&nbsp;<\/p>","protected":false},"excerpt":{"rendered":"<p>Explorez les eaux bleues profondes du tombant de Cozumel, sentez la d\u00e9rive le long du chemin et nagez \u00e0 travers les formations coralliennes. De 8h30 \u00e0 16h30, transport en bateau rapide, entr\u00e9e au parc national, d\u00e9jeuner, boissons, \u00e9quipement et guide officiel inclus.<\/p>\n<p>La plong\u00e9e \u00e0 Cozumel est une merveille de murs luxuriants et de d\u00e9rives \u00e0 haute tension, o\u00f9 les grottes et les cavernes sont pr\u00eates \u00e0 \u00eatre explor\u00e9es. Assurez-vous que votre d\u00e9tendeur reste en place et admirez la m\u00e9nagerie de cr\u00e9atures qui \u00e9voluent sur ces r\u00e9cifs m\u00e9soam\u00e9ricains...<\/p>\n<p>&nbsp;<\/p>\n<p>Si vous voulez faire votre activit\u00e9 avant, contactez-nous par email ou par whatsapp, pour v\u00e9rifier la disponibilit\u00e9.<\/p>\n<p>&nbsp;<\/p>","protected":false},"featured_media":29645,"template":"","meta":[],"product_brand":[],"product_cat":[1569],"product_tag":[],"class_list":{"0":"post-29087","1":"product","2":"type-product","3":"status-publish","4":"has-post-thumbnail","6":"product_cat-scuba-diving-puerto-morelos","8":"first","9":"instock","10":"sold-individually","11":"taxable","12":"shipping-taxable","13":"purchasable","14":"product-type-booking"},"booking_location":"","booking_location_type":"","booking_duration":1,"booking_duration_unit":"day","booking_buffer":0,"booking_cost":4400,"booking_resources":[],"aioseo_notices":[],"_links":{"self":[{"href":"https:\/\/omdelfin.com\/fr\/wp-json\/wp\/v2\/product\/29087","targetHints":{"allow":["GET"]}}],"collection":[{"href":"https:\/\/omdelfin.com\/fr\/wp-json\/wp\/v2\/product"}],"about":[{"href":"https:\/\/omdelfin.com\/fr\/wp-json\/wp\/v2\/types\/product"}],"wp:featuredmedia":[{"embeddable":true,"href":"https:\/\/omdelfin.com\/fr\/wp-json\/wp\/v2\/media\/29645"}],"wp:attachment":[{"href":"https:\/\/omdelfin.com\/fr\/wp-json\/wp\/v2\/media?parent=29087"}],"wp:term":[{"taxonomy":"product_brand","embeddable":true,"href":"https:\/\/omdelfin.com\/fr\/wp-json\/wp\/v2\/product_brand?post=29087"},{"taxonomy":"product_cat","embeddable":true,"href":"https:\/\/omdelfin.com\/fr\/wp-json\/wp\/v2\/product_cat?post=29087"},{"taxonomy":"product_tag","embeddable":true,"href":"https:\/\/omdelfin.com\/fr\/wp-json\/wp\/v2\/product_tag?post=29087"}],"curies":[{"name":"wp","href":"https:\/\/api.w.org\/{rel}","templated":true}]}}