{"id":29086,"date":"2024-10-01T16:50:41","date_gmt":"2024-10-01T21:50:41","guid":{"rendered":"https:\/\/omdelfin.com\/?post_type=product&#038;p=29086"},"modified":"2026-02-26T00:47:44","modified_gmt":"2026-02-26T05:47:44","slug":"night-dive","status":"publish","type":"product","link":"https:\/\/omdelfin.com\/fr\/excursion\/night-dive\/","title":{"rendered":"NIGHT DIVE"},"content":{"rendered":"<h2><strong>Sites de plong\u00e9e \u00e0 Puerto Morelos<\/strong><\/h2>\n<p>CE QUE VOUS VERREZ<\/p>\n<p>Lors d'une plong\u00e9e de nuit, vous verrez diff\u00e9rents types de coraux durs ou mous, ainsi qu'une abondante vie marine : raies, tortues, poissons-perroquets, poissons-globes, poissons-lions, poissons-soldats, poisson grognons<\/p>\n<p>&nbsp;<\/p>\n<p>\u00c9QUIPEMENT<br \/>\nNous vous fournirons pour une plong\u00e9e de nuit \u00e0 Puerto Morelos : BCD, d\u00e9tendeurs, combinaisons, masques, palmes, plombs, bouteilles et lampes flash si n\u00e9cessaire.<\/p>\n<p>&nbsp;<\/p>\n<p>You have a few days for diving and want to see it all ? Our packages are the best option for you!<\/p>\n<p>&nbsp;<\/p>","protected":false},"excerpt":{"rendered":"<p>D\u00e9couvrez le monde sous-marin d'un autre point de vue, observez le poisson perroquet qui dort dans sa bulle, ou les langouste qui sortent du r\u00e9cif et, pour les plus chanceux, d\u00e9couvrez l'\u00e9tonnante pieuvre qui change de couleur.<\/p>\n<p>Pour les plongeurs certifi\u00e9s, la plupart des plong\u00e9es despuis le rivage ont lieu de 18 heures \u00e0 21 heures.<\/p>\n<p>&nbsp;<\/p>\n<p>Si vous voulez faire votre activit\u00e9 avant, contactez-nous par email ou par whatsapp, pour v\u00e9rifier la disponibilit\u00e9.<\/p>\n<p>&nbsp;<\/p>","protected":false},"featured_media":29664,"template":"","meta":[],"product_brand":[],"product_cat":[1550],"product_tag":[],"class_list":{"0":"post-29086","1":"product","2":"type-product","3":"status-publish","4":"has-post-thumbnail","6":"product_cat-puerto-morelos-scuba-dive","8":"first","9":"instock","10":"sold-individually","11":"taxable","12":"shipping-taxable","13":"purchasable","14":"product-type-booking"},"booking_location":"","booking_location_type":"","booking_duration":1,"booking_duration_unit":"day","booking_buffer":0,"booking_cost":1600,"booking_resources":[],"aioseo_notices":[],"_links":{"self":[{"href":"https:\/\/omdelfin.com\/fr\/wp-json\/wp\/v2\/product\/29086","targetHints":{"allow":["GET"]}}],"collection":[{"href":"https:\/\/omdelfin.com\/fr\/wp-json\/wp\/v2\/product"}],"about":[{"href":"https:\/\/omdelfin.com\/fr\/wp-json\/wp\/v2\/types\/product"}],"wp:featuredmedia":[{"embeddable":true,"href":"https:\/\/omdelfin.com\/fr\/wp-json\/wp\/v2\/media\/29664"}],"wp:attachment":[{"href":"https:\/\/omdelfin.com\/fr\/wp-json\/wp\/v2\/media?parent=29086"}],"wp:term":[{"taxonomy":"product_brand","embeddable":true,"href":"https:\/\/omdelfin.com\/fr\/wp-json\/wp\/v2\/product_brand?post=29086"},{"taxonomy":"product_cat","embeddable":true,"href":"https:\/\/omdelfin.com\/fr\/wp-json\/wp\/v2\/product_cat?post=29086"},{"taxonomy":"product_tag","embeddable":true,"href":"https:\/\/omdelfin.com\/fr\/wp-json\/wp\/v2\/product_tag?post=29086"}],"curies":[{"name":"wp","href":"https:\/\/api.w.org\/{rel}","templated":true}]}}