{"id":29085,"date":"2024-10-01T16:48:54","date_gmt":"2024-10-01T21:48:54","guid":{"rendered":"https:\/\/omdelfin.com\/?post_type=product&#038;p=29085"},"modified":"2026-02-26T00:51:51","modified_gmt":"2026-02-26T05:51:51","slug":"bull-shark","status":"publish","type":"product","link":"https:\/\/omdelfin.com\/fr\/excursion\/bull-shark\/","title":{"rendered":"Bull Shark"},"content":{"rendered":"<h2>BULL SHARK SEASON PLAYA DEL CARMEN<\/h2>\n<p>Les requins taureaux ne sont pas toujours pr\u00e9sents \u00e0 Playa del Carmen et dans ses environs. Ils ne sont pr\u00e9sents dans les eaux peu profondes qu'entre novembre et mars. Veillez donc \u00e0 planifier votre plong\u00e9e si vous voulez les voir. Il n'est donc pas \u00e9tonnant que les requins taureaux choisissent les eaux de la ville de Playa del Carmen, sur la c\u00f4te est du Mexique, comme lieu de reproduction.<\/p>\n<p>&nbsp;<\/p>\n<p>Ce que vous verrez<\/p>\n<p>Le fabuleux bullshark avec ses amis nettoyeurs le remora.<\/p>\n<p>EQUIPEMENT pour une plong\u00e9e avec le requin taureau<\/p>\n<p>Nous vous fournirons : BCD, d\u00e9tendeurs, combinaisons, masques, palmes, plombs, bouteilles et lampes flash si n\u00e9cessaire.<\/p>","protected":false},"excerpt":{"rendered":"<p>&nbsp;<\/p>\n<p>Ne manquez pas nos plong\u00e9es tr\u00e8s sp\u00e9ciales avec les requins taureaux. La saison commence en d\u00e9cembre et se termine en mars. Unique, aventureux, inoubliable...<\/p>\n<p>Si vous voulez faire votre activit\u00e9 avant, contactez-nous par email ou par whatsapp, pour v\u00e9rifier la disponibilit\u00e9.<\/p>\n<p>&nbsp;<\/p>\n<p>Nous vous fournirons : BCD, d\u00e9tendeurs, combinaisons, masques, palmes, plombs, bouteilles et lampes flash si n\u00e9cessaire.<\/p>","protected":false},"featured_media":29494,"template":"","meta":[],"product_brand":[],"product_cat":[1569],"product_tag":[],"class_list":{"0":"post-29085","1":"product","2":"type-product","3":"status-publish","4":"has-post-thumbnail","6":"product_cat-scuba-diving-puerto-morelos","8":"first","9":"instock","10":"sold-individually","11":"taxable","12":"shipping-taxable","13":"purchasable","14":"product-type-booking"},"booking_location":"","booking_location_type":"","booking_duration":1,"booking_duration_unit":"day","booking_buffer":0,"booking_cost":3650,"booking_resources":[],"aioseo_notices":[],"_links":{"self":[{"href":"https:\/\/omdelfin.com\/fr\/wp-json\/wp\/v2\/product\/29085","targetHints":{"allow":["GET"]}}],"collection":[{"href":"https:\/\/omdelfin.com\/fr\/wp-json\/wp\/v2\/product"}],"about":[{"href":"https:\/\/omdelfin.com\/fr\/wp-json\/wp\/v2\/types\/product"}],"wp:featuredmedia":[{"embeddable":true,"href":"https:\/\/omdelfin.com\/fr\/wp-json\/wp\/v2\/media\/29494"}],"wp:attachment":[{"href":"https:\/\/omdelfin.com\/fr\/wp-json\/wp\/v2\/media?parent=29085"}],"wp:term":[{"taxonomy":"product_brand","embeddable":true,"href":"https:\/\/omdelfin.com\/fr\/wp-json\/wp\/v2\/product_brand?post=29085"},{"taxonomy":"product_cat","embeddable":true,"href":"https:\/\/omdelfin.com\/fr\/wp-json\/wp\/v2\/product_cat?post=29085"},{"taxonomy":"product_tag","embeddable":true,"href":"https:\/\/omdelfin.com\/fr\/wp-json\/wp\/v2\/product_tag?post=29085"}],"curies":[{"name":"wp","href":"https:\/\/api.w.org\/{rel}","templated":true}]}}