{"id":29051,"date":"2024-09-30T11:35:48","date_gmt":"2024-09-30T16:35:48","guid":{"rendered":"https:\/\/omdelfin.com\/?post_type=product&#038;p=29051"},"modified":"2026-03-16T11:54:24","modified_gmt":"2026-03-16T16:54:24","slug":"snorkeling-in-cenotes","status":"publish","type":"product","link":"https:\/\/omdelfin.com\/fr\/excursion\/snorkeling-in-cenotes\/","title":{"rendered":"Plong\u00e9e avec tuba dans les c\u00e9notes"},"content":{"rendered":"<h2>CENOTE SIETE BOCAS<\/h2>\n<p>Nous avons la chance de pouvoir vous offrir un TOUR PRIV\u00c9 dans nos syst\u00e8mes de cavernes sp\u00e9ciaux. Situ\u00e9 \u00e0 seulement 20 minutes de notre magasin de plong\u00e9e. Nous avons une zone magnifique nomm\u00e9e 7 bocas (syst\u00e8me des 7 bouches) situ\u00e9e au milieu de la jungle.<\/p>\n<p>Il s'agit d'une excursion de 4 heures, notre guide vous accompagnera et nous vous fournirons de l'eau, un sandwich, des fruits, l'\u00e9quipement (masque, tuba, combinaison et lampes de poche) et le transport. (minimum deux personnes).<\/p>\n<p>Recommand\u00e9 pour les personnes souhaitant profiter de la tranquillit\u00e9 de la jungle et d'un cenote vraiment unique.<\/p>\n<h2>CENOTE KIN HA<\/h2>\n<p>Situ\u00e9 \u00e0 seulement 30 minutes d'ici, Kin-Ha poss\u00e8de un total de 40 syst\u00e8mes souterrains diff\u00e9rents, dont certains n'ont pas encore \u00e9t\u00e9 d\u00e9couverts.<\/p>\n<p>Vous serez pris en charge au magasin de plong\u00e9e et nous nous dirigerons vers la route des cenotes de Puerto Morelos. Baignade dans deux cenotes diff\u00e9rents, 8 tyroliennes et ATV (Quad) ou \u00e9quitation.<\/p>\n<p>Le co\u00fbt comprend le transport, l'entr\u00e9e, les collations, les boissons, les tyroliennes, le VTT pour deux personnes et quelques baignades fra\u00eeches dans les c\u00e9notes.<\/p>\n<p>Recommand\u00e9 pour les familles ou les groupes qui veulent s'amuser.<\/p>\n<h3>Ce que vous verrez<\/h3>\n<p>Des formations calcaires avec des stalactites et des stalagmites, un magnifique jeu de lumi\u00e8res avec le soleil et l'eau la plus transparente que vous ayez jamais vue.<\/p>\n<h3>Comprend :<\/h3>\n<p>Masques, palmes, tubas et gilet de sauvetage pour la plong\u00e9e en apn\u00e9e dans les c\u00e9notes, transport et d\u00e9jeuner.<\/p>\n<p>Entr\u00e9e comprise dans la visite guid\u00e9e de Kin-Ha.<\/p>\n<p><strong>Non inclus :<\/strong><\/p>\n<p>Cenote Siete Bocas Entrance (300 mxn)<\/p>","protected":false},"excerpt":{"rendered":"<p>\u00c0 seulement 15 minutes du village de Puerto Morelos, vous trouverez une route alternative appel\u00e9e  route chiclera. Elle vous m\u00e8nera \u00e0 travers la jungle luxuriante o\u00f9 vous trouverez plus de 13 parcs \u00e9cotouristiques. Tous peuvent \u00eatre visit\u00e9s et explor\u00e9s.<\/p>\n<p>Cenotes Puerto Morelos<\/p>\n<p>Nous avons les cenotes Kin-Ha, Cenote Boca del Puma, Cenote Chilam Balam, Cenote La Noria, Cenote Las Mojarras, Cenote Siete Bocas, Cenote Verde Lucero, Cenote Zapote....et bien d'autres encore.<\/p>\n<p>&nbsp;<\/p>\n<p>Puerto Morelos Cenotes<\/p>\n<p>&nbsp;<\/p>\n<p><strong>Si vous voulez faire votre activit\u00e9 avant, contactez-nous par email ou par whatsapp, pour v\u00e9rifier la disponibilit\u00e9.<\/strong><\/p>\n<p>&nbsp;<\/p>","protected":false},"featured_media":29714,"template":"","meta":[],"product_brand":[],"product_cat":[1567],"product_tag":[],"class_list":{"0":"post-29051","1":"product","2":"type-product","3":"status-publish","4":"has-post-thumbnail","6":"product_cat-snorkeling-in-puerto-morelos","8":"first","9":"instock","10":"sold-individually","11":"taxable","12":"shipping-taxable","13":"purchasable","14":"product-type-booking"},"booking_location":"","booking_location_type":"","booking_duration":1,"booking_duration_unit":"day","booking_buffer":0,"booking_cost":1800,"booking_resources":[],"aioseo_notices":[],"_links":{"self":[{"href":"https:\/\/omdelfin.com\/fr\/wp-json\/wp\/v2\/product\/29051","targetHints":{"allow":["GET"]}}],"collection":[{"href":"https:\/\/omdelfin.com\/fr\/wp-json\/wp\/v2\/product"}],"about":[{"href":"https:\/\/omdelfin.com\/fr\/wp-json\/wp\/v2\/types\/product"}],"wp:featuredmedia":[{"embeddable":true,"href":"https:\/\/omdelfin.com\/fr\/wp-json\/wp\/v2\/media\/29714"}],"wp:attachment":[{"href":"https:\/\/omdelfin.com\/fr\/wp-json\/wp\/v2\/media?parent=29051"}],"wp:term":[{"taxonomy":"product_brand","embeddable":true,"href":"https:\/\/omdelfin.com\/fr\/wp-json\/wp\/v2\/product_brand?post=29051"},{"taxonomy":"product_cat","embeddable":true,"href":"https:\/\/omdelfin.com\/fr\/wp-json\/wp\/v2\/product_cat?post=29051"},{"taxonomy":"product_tag","embeddable":true,"href":"https:\/\/omdelfin.com\/fr\/wp-json\/wp\/v2\/product_tag?post=29051"}],"curies":[{"name":"wp","href":"https:\/\/api.w.org\/{rel}","templated":true}]}}