{"id":29050,"date":"2024-09-30T11:29:57","date_gmt":"2024-09-30T16:29:57","guid":{"rendered":"https:\/\/omdelfin.com\/?post_type=product&#038;p=29050"},"modified":"2026-02-26T00:50:21","modified_gmt":"2026-02-26T05:50:21","slug":"whale-shark-tour","status":"publish","type":"product","link":"https:\/\/omdelfin.com\/fr\/excursion\/whale-shark-tour\/","title":{"rendered":"Whale Shark Tour"},"content":{"rendered":"<h2>WHALE SHARK TOUR<\/h2>\n<p>&nbsp;<\/p>\n<p>Quelle que soit la destination de vos vacances au Mexique, nager avec des requins-baleines dans la mer des Cara\u00efbes est une activit\u00e9 incontournable pour toute la famille. Ces grands habitants de l'oc\u00e9an sont de gentils compagnons de nage qui se nourrissent de plancton et dont les taches uniques permettent de les identifier.<\/p>\n<p>Nos excursions \u00e0 la rencontre des requins-baleines comprennent le transport jusqu'au port de plaisance, un trajet en bateau pittoresque jusqu'au lieu de plong\u00e9e, tout le mat\u00e9riel de plong\u00e9e,  petit d\u00e9jeune y dejeune l\u00e9ger, ainsi que la nourriture et les boissons \u00e0 bord. Rejoignez-nous pour un ajout unique \u00e0 vos prochaines vacances. L'excursion avec les requins-baleines est une occasion unique de nager et de faire de la plong\u00e9e avec masque et tuba avec les plus gros poissons de l'oc\u00e9an. Une aventure d'une journ\u00e9e enti\u00e8re - un souvenir pour toute la vie. Id\u00e9al pour toute la famille, pour passer du bon temps ensemble \u00e0 profiter de l'oc\u00e9an, de la nature et de ces merveilleux et doux g\u00e9ants des mers.<\/p>\n<p>Whale Shark excursion<\/p>\n<p>&nbsp;<\/p>\n<p>CE QUE VOUS VERREZ :<\/p>\n<p>Les majestueux et uniques requins-baleines, et si vous avez de la chance, les raies manta, nagent \u00e0 leurs c\u00f4t\u00e9s. Pendant le trajet en bateau, observez les dauphins \u00e0 la surface.<\/p>\n<h2>Whale Shark Mexico<\/h2>\n<p>\u00c9quipement :<\/p>\n<p>Nous vous fournirons pour votre excursion avec les requins-baleines : Masques, palmes, tubas et gilet de sauvetage.<\/p>\n<p>Taxe environnementale<\/p>","protected":false},"excerpt":{"rendered":"<p>La saison des requins-baleines commence \u00e0 la fin du mois de mai et dure jusqu'\u00e0 la mi-septembre. Ne la manquez pas et r\u00e9servez votre excursion avec les requins-baleines ici !!!<\/p>\n<p>Le requin-baleine est le plus grand poisson du monde, atteignant 12 \u00e0 15 m\u00e8tres et 18 tonnes. Au cours de cette excursion, vous pourrez faire de la plong\u00e9e avec masque et tuba en leur compagnie dans leur habitat naturelle.<\/p>\n<p>L'excursion partira du centre de Puerto Morelos ou de votre h\u00f4tel vers 6h30 (nous pouvons venir vous chercher) et vous reviendrez vers 15h. Tout est inclus (transport jusqu'\u00e0 Cancun, bateau rapide pour environ une heure, \u00e9quipement, guide officiel en diff\u00e9rentes langues, d\u00e9jeuner, plong\u00e9e avec masque et tuba avec le requin-baleine et un arr\u00eat sur une plage de Isla Mujeres).<\/p>\n<p>&nbsp;<\/p>\n<p>Si vous voulez faire votre activit\u00e9 avant, contactez-nous par email ou par whatsapp, pour v\u00e9rifier la disponibilit\u00e9.<\/p>\n<p>&nbsp;<\/p>","protected":false},"featured_media":25753,"template":"","meta":[],"product_brand":[],"product_cat":[1567],"product_tag":[],"class_list":{"0":"post-29050","1":"product","2":"type-product","3":"status-publish","4":"has-post-thumbnail","6":"product_cat-snorkeling-in-puerto-morelos","8":"first","9":"instock","10":"sold-individually","11":"taxable","12":"shipping-taxable","13":"purchasable","14":"product-type-booking"},"booking_location":"","booking_location_type":"","booking_duration":1,"booking_duration_unit":"day","booking_buffer":0,"booking_cost":4200,"booking_resources":[],"aioseo_notices":[],"_links":{"self":[{"href":"https:\/\/omdelfin.com\/fr\/wp-json\/wp\/v2\/product\/29050","targetHints":{"allow":["GET"]}}],"collection":[{"href":"https:\/\/omdelfin.com\/fr\/wp-json\/wp\/v2\/product"}],"about":[{"href":"https:\/\/omdelfin.com\/fr\/wp-json\/wp\/v2\/types\/product"}],"wp:featuredmedia":[{"embeddable":true,"href":"https:\/\/omdelfin.com\/fr\/wp-json\/wp\/v2\/media\/25753"}],"wp:attachment":[{"href":"https:\/\/omdelfin.com\/fr\/wp-json\/wp\/v2\/media?parent=29050"}],"wp:term":[{"taxonomy":"product_brand","embeddable":true,"href":"https:\/\/omdelfin.com\/fr\/wp-json\/wp\/v2\/product_brand?post=29050"},{"taxonomy":"product_cat","embeddable":true,"href":"https:\/\/omdelfin.com\/fr\/wp-json\/wp\/v2\/product_cat?post=29050"},{"taxonomy":"product_tag","embeddable":true,"href":"https:\/\/omdelfin.com\/fr\/wp-json\/wp\/v2\/product_tag?post=29050"}],"curies":[{"name":"wp","href":"https:\/\/api.w.org\/{rel}","templated":true}]}}