{"id":28641,"date":"2024-05-30T23:31:15","date_gmt":"2024-05-31T04:31:15","guid":{"rendered":"https:\/\/omdelfin.com\/?post_type=product&#038;p=28641"},"modified":"2026-02-26T00:42:24","modified_gmt":"2026-02-26T05:42:24","slug":"snorkeling-in-puerto-morelos","status":"publish","type":"product","link":"https:\/\/omdelfin.com\/fr\/excursion\/snorkeling-in-puerto-morelos\/","title":{"rendered":"Snorkeling in Puerto Morelos"},"content":{"rendered":"<p>Notre excursion de snorkeling \u00e0 Puerto Morelos est disponible pour tout le monde, enfants, adultes et grands parents, d\u00e9butants ou exp\u00e9riment\u00e9s. Puerto Morelos offre une exp\u00e9rience incroyable de snorkeling avec ses eaux claires et calmes et une abondance de vie marine color\u00e9e.<\/p>\n<p>L'excursion de plong\u00e9e avec masque et tuba vous emm\u00e8ne g\u00e9n\u00e9ralement \u00e0 la d\u00e9couverte du r\u00e9cif m\u00e9soam\u00e9ricain, la deuxi\u00e8me plus grande barri\u00e8re de corail au monde. Vous aurez l'occasion de nager avec des bancs de poissons tropicaux, de voir des formations coralliennes \u00e9clatantes et de rencontrer d'autres cr\u00e9atures marines fascinantes.<\/p>\n<h2>Puerto Morelos Snorkeling<\/h2>\n<p>L'excursion est adapt\u00e9e \u00e0 tous les niveaux de comp\u00e9tence et des guides experts vous accompagneront \u00e0 chaque \u00e9tape pour vous garantir une exp\u00e9rience s\u00fbre et agr\u00e9able. Ne manquez pas l'occasion de d\u00e9couvrir la beaut\u00e9 du monde sous-marin de Puerto Morelos lors d'une excursion de plong\u00e9e avec masque et tuba !<\/p>\n<p>Nous proposons une excursion de deux heures dans le parc national de Puerto Morelos, l'une des meilleures excursions de snorkeling de la Riviera Maya, gr\u00e2ce \u00e0 la zone prot\u00e9g\u00e9e. Pendant cette excursion, vous visiterez deux r\u00e9cifs diff\u00e9rents et ferez du snorkeling pendant 45 minutes chacun.<\/p>\n<p><strong>Comprend<\/strong><\/p>\n<ul>\n<li>\u00c9quipement de plong\u00e9e en apn\u00e9e (masque, palmes, tuba)<\/li>\n<li>Gilet de sauvetage<\/li>\n<li>L'eau<\/li>\n<li>Bracelet du parc national<\/li>\n<li>Guide officiel<\/li>\n<\/ul>\n<p>Minimum 2 personnes<\/p>\n<p><strong>Il ne comprend pas<\/strong><\/p>\n<ul>\n<li>Transport<\/li>\n<li>Frais de r\u00e9servation<\/li>\n<li>Photos et vid\u00e9os (service multim\u00e9dia sur demande)<\/li>\n<li>Les astuces et le non sp\u00e9cifi\u00e9<\/li>\n<\/ul>\n<h2>Puerto Morelos M\u00e9xico Snorkeling<\/h2>\n<p><strong>R\u00e8gles \u00e0 respecter<\/strong><\/p>\n<ul>\n<li>L'utilisation de cr\u00e8me solaire est INTERDITE (ou l'appliquer au moins 45 minutes \u00e0 l'avance).<\/li>\n<li>L'utilisation d'un gilet de sauvetage est OBLIGATOIRE.<\/li>\n<li>Ne touchez \u00e0 rien et ne nourrissez pas les poissons.<\/li>\n<\/ul>\n<p>Gr\u00e2ce \u00e0 la grande conservation, vous serez agr\u00e9ablement surpris par la vie marine et tous les coraux sains qui rendent toute cette vie possible. Nous avons des horaires diff\u00e9rents dans la journ\u00e9e et une piscine est disponible pour essayer avec nous.<\/p>\n<p>Les horaires de r\u00e9servation sont les suivants<\/p>\n<p>9 am<br \/>\n11\u00a0am<br \/>\n2\u00a0pm<\/p>","protected":false},"excerpt":{"rendered":"<p class=\"translation-block\">D\u00e9couvrez la beaut\u00e9 du monde sous-marin de Puerto Morelos lors d'une excursion de 2 heures de plong\u00e9e avec masque et tuba. Explorez le magnifique r\u00e9cif m\u00e9soam\u00e9ricain, qui abrite une vie marine color\u00e9e et des formations coralliennes \u00e9clatantes. Avec des guides experts et tout l'\u00e9quipement n\u00e9cessaire, cette excursion est parfaite pour les d\u00e9butants comme pour les plongeurs exp\u00e9riment\u00e9s.<\/p>\n<p>Si vous voulez faire votre activit\u00e9 avant, contactez-nous par email ou par whatsapp, pour v\u00e9rifier la disponibilit\u00e9.<\/p>\n<p>IMPORTANT INFORMATION: For numbers minimum of snorkelers, logistic and weather conditions reasons, we kindly ask our students to have a flexibility of 2 or 3 days. We will do our best to accommodate you on the requested dates. Thanks for your comprehension.<\/p>","protected":false},"featured_media":29720,"template":"","meta":[],"product_brand":[],"product_cat":[1567],"product_tag":[],"class_list":{"0":"post-28641","1":"product","2":"type-product","3":"status-publish","4":"has-post-thumbnail","6":"product_cat-snorkeling-in-puerto-morelos","8":"first","9":"instock","10":"sold-individually","11":"taxable","12":"shipping-taxable","13":"purchasable","14":"product-type-booking"},"booking_location":"","booking_location_type":"","booking_duration":1,"booking_duration_unit":"day","booking_buffer":0,"booking_cost":650,"booking_resources":[],"aioseo_notices":[],"_links":{"self":[{"href":"https:\/\/omdelfin.com\/fr\/wp-json\/wp\/v2\/product\/28641","targetHints":{"allow":["GET"]}}],"collection":[{"href":"https:\/\/omdelfin.com\/fr\/wp-json\/wp\/v2\/product"}],"about":[{"href":"https:\/\/omdelfin.com\/fr\/wp-json\/wp\/v2\/types\/product"}],"wp:featuredmedia":[{"embeddable":true,"href":"https:\/\/omdelfin.com\/fr\/wp-json\/wp\/v2\/media\/29720"}],"wp:attachment":[{"href":"https:\/\/omdelfin.com\/fr\/wp-json\/wp\/v2\/media?parent=28641"}],"wp:term":[{"taxonomy":"product_brand","embeddable":true,"href":"https:\/\/omdelfin.com\/fr\/wp-json\/wp\/v2\/product_brand?post=28641"},{"taxonomy":"product_cat","embeddable":true,"href":"https:\/\/omdelfin.com\/fr\/wp-json\/wp\/v2\/product_cat?post=28641"},{"taxonomy":"product_tag","embeddable":true,"href":"https:\/\/omdelfin.com\/fr\/wp-json\/wp\/v2\/product_tag?post=28641"}],"curies":[{"name":"wp","href":"https:\/\/api.w.org\/{rel}","templated":true}]}}