{"id":28639,"date":"2024-05-30T23:31:15","date_gmt":"2024-05-31T04:31:15","guid":{"rendered":"https:\/\/omdelfin.com\/?post_type=product&#038;p=28639"},"modified":"2026-02-26T00:44:53","modified_gmt":"2026-02-26T05:44:53","slug":"discovery-dive","status":"publish","type":"product","link":"https:\/\/omdelfin.com\/fr\/excursion\/discovery-dive\/","title":{"rendered":"Plong\u00e9e \u00e0 Puerto Morelos (Plong\u00e9e d\u00e9couverte)"},"content":{"rendered":"<p>Avec la d\u00e9couverte, vous pouvez vous faire une id\u00e9e de ce qu'est la plong\u00e9e.<\/p>\n<h2>Meilleurs endroits pour faire de la plong\u00e9e sous-marine<\/h2>\n<p><strong>Comprend<\/strong><\/p>\n<ul>\n<li>De 8h30 \u00e0 12h00 ou de 13h00 \u00e0 16h30<\/li>\n<li>Equipement inclus<\/li>\n<li>Th\u00e9orie et pratique en piscineEquipement inclus<\/li>\n<li>2 plong\u00e9es d'environ 45 minutes chacune<\/li>\n<li>2 plong\u00e9es d'environ 45 minutes chacuneProfondeur maximale pour les deux plong\u00e9es : 12 m\/40 ft.<\/li>\n<li>Guide de plong\u00e9e certifi\u00e9 PADI (multilingue)<\/li>\n<\/ul>\n<p><strong>Il ne comprend pas<\/strong><\/p>\n<ul>\n<li>Photos et vid\u00e9os (service multim\u00e9dia sur demande)<\/li>\n<li>Les astuces et le non sp\u00e9cifi\u00e9<\/li>\n<\/ul>\n<p><strong>Exigences<\/strong><\/p>\n<ul>\n<li>Ne prenez pas l'avion pendant les 18 prochaines heures<\/li>\n<li>Signer un questionnaire m\u00e9dical et de responsabilit\u00e9<\/li>\n<\/ul>","protected":false},"excerpt":{"rendered":"<p>Votre chance d'essayer la plong\u00e9e sous-marine !<\/p>\n<p>Aucune exp\u00e9rience de plong\u00e9e n'est n\u00e9cessaire<\/p>\n<p>La plupart des gens pensent qu'il faut un permis pour plonger, mais ce n'est pas le cas. Vous pouvez plonger d\u00e8s l'\u00e2ge de 10 ans, avec juste un peu de th\u00e9orie et de pratique sous la supervision directe d'un instructeur PADI.<\/p>\n<p>Si vous voulez faire votre activit\u00e9 avant, contactez-nous par email ou par whatsapp, pour v\u00e9rifier la disponibilit\u00e9.<\/p>\n<p>&nbsp;<\/p>","protected":false},"featured_media":29666,"template":"","meta":[],"product_brand":[],"product_cat":[1550],"product_tag":[],"class_list":{"0":"post-28639","1":"product","2":"type-product","3":"status-publish","4":"has-post-thumbnail","6":"product_cat-puerto-morelos-scuba-dive","8":"first","9":"instock","10":"sold-individually","11":"taxable","12":"shipping-taxable","13":"purchasable","14":"product-type-booking"},"booking_location":"","booking_location_type":"","booking_duration":1,"booking_duration_unit":"day","booking_buffer":0,"booking_cost":2600,"booking_resources":[],"aioseo_notices":[],"_links":{"self":[{"href":"https:\/\/omdelfin.com\/fr\/wp-json\/wp\/v2\/product\/28639","targetHints":{"allow":["GET"]}}],"collection":[{"href":"https:\/\/omdelfin.com\/fr\/wp-json\/wp\/v2\/product"}],"about":[{"href":"https:\/\/omdelfin.com\/fr\/wp-json\/wp\/v2\/types\/product"}],"wp:featuredmedia":[{"embeddable":true,"href":"https:\/\/omdelfin.com\/fr\/wp-json\/wp\/v2\/media\/29666"}],"wp:attachment":[{"href":"https:\/\/omdelfin.com\/fr\/wp-json\/wp\/v2\/media?parent=28639"}],"wp:term":[{"taxonomy":"product_brand","embeddable":true,"href":"https:\/\/omdelfin.com\/fr\/wp-json\/wp\/v2\/product_brand?post=28639"},{"taxonomy":"product_cat","embeddable":true,"href":"https:\/\/omdelfin.com\/fr\/wp-json\/wp\/v2\/product_cat?post=28639"},{"taxonomy":"product_tag","embeddable":true,"href":"https:\/\/omdelfin.com\/fr\/wp-json\/wp\/v2\/product_tag?post=28639"}],"curies":[{"name":"wp","href":"https:\/\/api.w.org\/{rel}","templated":true}]}}