{"id":28638,"date":"2024-05-30T23:31:15","date_gmt":"2024-05-31T04:31:15","guid":{"rendered":"https:\/\/omdelfin.com\/?post_type=product&#038;p=28638"},"modified":"2026-02-26T00:48:27","modified_gmt":"2026-02-26T05:48:27","slug":"scuba-diving-in-cenotes","status":"publish","type":"product","link":"https:\/\/omdelfin.com\/fr\/excursion\/scuba-diving-in-cenotes\/","title":{"rendered":"Plong\u00e9e sous-marine dans les c\u00e9notes de Puerto Morelos"},"content":{"rendered":"<p>Un cenote est une fosse naturelle, ou gouffre, r\u00e9sultant de l'effondrement d'une roche calcaire qui expose les eaux souterraines sous-jacentes.<\/p>\n<p>Notre voyage part de 8 heures le matin et nous reviendrons vers 15 heures.<\/p>\n<p><strong>Comprend<\/strong><\/p>\n<ul>\n<li>2 plong\u00e9es<\/li>\n<li>Lumi\u00e8re flash<\/li>\n<li>D\u00e9jeuner et boissons<\/li>\n<li>Guide sp\u00e9l\u00e9o complet certifi\u00e9 PADI (multilingue)<\/li>\n<li>Transport vers les c\u00e9notes<\/li>\n<\/ul>\n<h2>Scuba Diving Puerto Morelos M\u00e9xico<\/h2>\n<p><strong>Il ne comprend pas<\/strong><\/p>\n<ul>\n<li>Frais d'entr\u00e9e pour les c\u00e9notes<\/li>\n<li>Photos et vid\u00e9os (service multim\u00e9dia sur demande)<\/li>\n<li>Les astuces et le non sp\u00e9cifi\u00e9<\/li>\n<\/ul>\n<p><strong>Exigences<\/strong><\/p>\n<ul>\n<li>Votre licence de plong\u00e9e (ou au moins votre num\u00e9ro PADI)<\/li>\n<li>Ne prenez pas l'avion pendant les 18 prochaines heures<\/li>\n<li>Signer un questionnaire m\u00e9dical et de responsabilit\u00e9<\/li>\n<\/ul>","protected":false},"excerpt":{"rendered":"<p>2 plong\u00e9es \u00e9tonnantes dans les Cenotes. Rendez votre s\u00e9jour sur la Riviera Maya inoubliable en explorant les merveilles naturelles des Cenotes.<\/p>\n<p>Plongeurs certifi\u00e9s uniquement<\/p>\n<p>Minimum 2 plongeurs<\/p>\n<p>Si vous voulez faire votre activit\u00e9 avant, contactez-nous par email ou par whatsapp, pour v\u00e9rifier la disponibilit\u00e9.<\/p>\n<p>INFORMATION IMPORTANTE : Pour un nombre minimum de plongeurs, pour des raisons logistiques et m\u00e9t\u00e9orologiques, nous demandons \u00e0 nos \u00e9tudiants d'avoir une flexibilit\u00e9 de 2 ou 3 jours. Nous ferons de notre mieux pour vous accueillir aux dates demand\u00e9es. Merci de votre compr\u00e9hension.<\/p>\n<p>&nbsp;<\/p>","protected":false},"featured_media":29639,"template":"","meta":[],"product_brand":[],"product_cat":[1550],"product_tag":[],"class_list":{"0":"post-28638","1":"product","2":"type-product","3":"status-publish","4":"has-post-thumbnail","6":"product_cat-puerto-morelos-scuba-dive","8":"first","9":"instock","10":"sold-individually","11":"taxable","12":"shipping-taxable","13":"purchasable","14":"product-type-booking"},"booking_location":"","booking_location_type":"","booking_duration":1,"booking_duration_unit":"day","booking_buffer":0,"booking_cost":3800,"booking_resources":[],"aioseo_notices":[],"_links":{"self":[{"href":"https:\/\/omdelfin.com\/fr\/wp-json\/wp\/v2\/product\/28638","targetHints":{"allow":["GET"]}}],"collection":[{"href":"https:\/\/omdelfin.com\/fr\/wp-json\/wp\/v2\/product"}],"about":[{"href":"https:\/\/omdelfin.com\/fr\/wp-json\/wp\/v2\/types\/product"}],"wp:featuredmedia":[{"embeddable":true,"href":"https:\/\/omdelfin.com\/fr\/wp-json\/wp\/v2\/media\/29639"}],"wp:attachment":[{"href":"https:\/\/omdelfin.com\/fr\/wp-json\/wp\/v2\/media?parent=28638"}],"wp:term":[{"taxonomy":"product_brand","embeddable":true,"href":"https:\/\/omdelfin.com\/fr\/wp-json\/wp\/v2\/product_brand?post=28638"},{"taxonomy":"product_cat","embeddable":true,"href":"https:\/\/omdelfin.com\/fr\/wp-json\/wp\/v2\/product_cat?post=28638"},{"taxonomy":"product_tag","embeddable":true,"href":"https:\/\/omdelfin.com\/fr\/wp-json\/wp\/v2\/product_tag?post=28638"}],"curies":[{"name":"wp","href":"https:\/\/api.w.org\/{rel}","templated":true}]}}