{"id":28637,"date":"2024-05-30T23:31:15","date_gmt":"2024-05-31T04:31:15","guid":{"rendered":"https:\/\/omdelfin.com\/?post_type=product&#038;p=28637"},"modified":"2026-02-26T00:46:14","modified_gmt":"2026-02-26T05:46:14","slug":"local-dive-reef-puerto-morelos","status":"publish","type":"product","link":"https:\/\/omdelfin.com\/fr\/excursion\/local-dive-reef-puerto-morelos\/","title":{"rendered":"Plong\u00e9e locale sur le r\u00e9cif de Puerto Morelos"},"content":{"rendered":"<h1>Scuba Diving Puerto Morelos<\/h1>\n<p>Puerto Morelos est un village de p\u00eacheurs typiquement mexicain, situ\u00e9 entre Cancun et Playa del Carmen. Il est mondialement connu pour son corail, qui est consid\u00e9r\u00e9 comme le deuxi\u00e8me plus \u00e9tendu de la plan\u00e8te. En 1998, il a \u00e9t\u00e9 d\u00e9clar\u00e9 zone naturelle prot\u00e9g\u00e9e.<\/p>\n<h2>2 Dives Local Reef Puerto Morelos<\/h2>\n<p>Nos sorties de plong\u00e9e ont lieu deux fois par jour, une fois le matin \u00e0 8 h 30 pour deux plong\u00e9es et l'apr\u00e8s-midi \u00e0 13 h 00 pour deux autres plong\u00e9es. L'excursion part de la plage juste en face du magasin de plong\u00e9e et notre bateau rapide met entre 10 et 30 minutes pour atteindre le magnifique r\u00e9cif corallien.<\/p>\n<p><strong>Le d\u00e9part de cette activit\u00e9 se fait depuis le bord de la plage.<\/strong><\/p>\n<p><strong>Comprend<\/strong><\/p>\n<ul>\n<li>2 plong\u00e9es<\/li>\n<li>En-cas et boissons<\/li>\n<li>Guide de plong\u00e9e certifi\u00e9 PADI (multilingue)<\/li>\n<\/ul>\n<p><strong>Il ne comprend pas<\/strong><\/p>\n<ul>\n<li>Photos et vid\u00e9os (service multim\u00e9dia sur demande)<\/li>\n<li>Les astuces et le non sp\u00e9cifi\u00e9<\/li>\n<\/ul>\n<p><strong>Exigences<\/strong><\/p>\n<ul>\n<li>Votre licence de plong\u00e9e (ou au moins votre num\u00e9ro PADI)<\/li>\n<li>Ne prenez pas l'avion pendant les 18 prochaines heures<\/li>\n<li>Signer un questionnaire m\u00e9dical et de responsabilit\u00e9<\/li>\n<\/ul>","protected":false},"excerpt":{"rendered":"<p class=\"translation-block\">2 superbes plong\u00e9es sur la barri\u00e8re de corail m\u00e9so-am\u00e9ricaine au d\u00e9part de Puerto Morelos. Equipement inclus<\/p>\n<p>Plongeurs certifi\u00e9s uniquement<\/p>\n<p>INFORMATION IMPORTANTE : Pour un nombre minimum de plongeurs, pour des raisons logistiques et m\u00e9t\u00e9orologiques, nous demandons \u00e0 nos \u00e9tudiants d'avoir une flexibilit\u00e9 de 2 ou 3 jours. Nous ferons de notre mieux pour vous accueillir aux dates demand\u00e9es. Merci de votre compr\u00e9hension.<\/p>\n<p>Minimum 2 plongeurs<\/p>\n<p>Si vous voulez faire votre activit\u00e9 avant, contactez-nous par email ou par whatsapp, pour v\u00e9rifier la disponibilit\u00e9.<\/p>","protected":false},"featured_media":29646,"template":"","meta":[],"product_brand":[],"product_cat":[1550],"product_tag":[],"class_list":{"0":"post-28637","1":"product","2":"type-product","3":"status-publish","4":"has-post-thumbnail","6":"product_cat-puerto-morelos-scuba-dive","8":"first","9":"instock","10":"sold-individually","11":"taxable","12":"shipping-taxable","13":"purchasable","14":"product-type-booking"},"booking_location":"","booking_location_type":"","booking_duration":1,"booking_duration_unit":"day","booking_buffer":0,"booking_cost":2300,"booking_resources":[],"aioseo_notices":[],"_links":{"self":[{"href":"https:\/\/omdelfin.com\/fr\/wp-json\/wp\/v2\/product\/28637","targetHints":{"allow":["GET"]}}],"collection":[{"href":"https:\/\/omdelfin.com\/fr\/wp-json\/wp\/v2\/product"}],"about":[{"href":"https:\/\/omdelfin.com\/fr\/wp-json\/wp\/v2\/types\/product"}],"wp:featuredmedia":[{"embeddable":true,"href":"https:\/\/omdelfin.com\/fr\/wp-json\/wp\/v2\/media\/29646"}],"wp:attachment":[{"href":"https:\/\/omdelfin.com\/fr\/wp-json\/wp\/v2\/media?parent=28637"}],"wp:term":[{"taxonomy":"product_brand","embeddable":true,"href":"https:\/\/omdelfin.com\/fr\/wp-json\/wp\/v2\/product_brand?post=28637"},{"taxonomy":"product_cat","embeddable":true,"href":"https:\/\/omdelfin.com\/fr\/wp-json\/wp\/v2\/product_cat?post=28637"},{"taxonomy":"product_tag","embeddable":true,"href":"https:\/\/omdelfin.com\/fr\/wp-json\/wp\/v2\/product_tag?post=28637"}],"curies":[{"name":"wp","href":"https:\/\/api.w.org\/{rel}","templated":true}]}}