{"id":29748,"date":"2025-05-23T18:10:35","date_gmt":"2025-05-23T23:10:35","guid":{"rendered":"https:\/\/omdelfin.com\/?post_type=product&#038;p=29748"},"modified":"2026-02-26T00:52:20","modified_gmt":"2026-02-26T05:52:20","slug":"1-padi-scuba-diver","status":"publish","type":"product","link":"https:\/\/omdelfin.com\/es\/excursion\/1-padi-scuba-diver\/","title":{"rendered":"1. PADI SCUBA DIVER"},"content":{"rendered":"<p><strong>LO QUE VER\u00c1<\/strong><\/p>\n<p>Diferentes tipos de corales duros o blandos con abundante vida marina como rayas, turtlles, peces loro, peces globo, peces le\u00f3n, peces soldado, peces gru\u00f1\u00f3n...<\/p>\n<p><strong>Equipo<\/strong><\/p>\n<p>Le proporcionaremos: chalecos, reguladores, trajes de neopreno, m\u00e1scaras, aletas, plomos, botellas y linternas si es necesario.<\/p>\n<ul>\n<li>Programa de 2 d\u00edas<\/li>\n<li>De 8:30 a 16:30<\/li>\n<li>Equipo incluido<\/li>\n<li>Formaci\u00f3n en piscinas<\/li>\n<li>2 inmersiones en aguas abiertas<\/li>\n<li>Libro y tablas de buceo (no incluidos, 1700 MXN aprox.)<\/li>\n<li>Libro de registro<\/li>\n<\/ul>\n<h2>PADI SCUBA DIVING<\/h2>\n<ul>\n<li>Certificaci\u00f3n<\/li>\n<\/ul>\n<p>&nbsp;<\/p>\n<p>&nbsp;<\/p>","protected":false},"excerpt":{"rendered":"<p>Si tienes poco tiempo pero realmente quieres convertirte en buzo, la certificaci\u00f3n PADI Scuba Diver puede ser adecuada para ti, especialmente si esperas bucear principalmente con un gu\u00eda de buceo. Este curso es un paso intermedio para obtener la certificaci\u00f3n Open Water Diver, si ese es su objetivo final.<\/p>\n<p>Para inscribirte en un curso PADI Scuba Diver ( curso Junior Scuba Diver), debes tener 10 a\u00f1os o m\u00e1s. Se necesitan conocimientos adecuados de nataci\u00f3n. No se requiere experiencia previa en buceo.<\/p>\n<p>Si quieres tener tu actividad antes, contacta con nosotros por correo o whatsapp, para revisar\u00a0disponibilidad<\/p>\n<p>&nbsp;<\/p>","protected":false},"featured_media":29679,"template":"","meta":[],"product_brand":[],"product_cat":[1552],"product_tag":[],"class_list":{"0":"post-29748","1":"product","2":"type-product","3":"status-publish","4":"has-post-thumbnail","6":"product_cat-diving-courses","8":"first","9":"instock","10":"sold-individually","11":"taxable","12":"shipping-taxable","13":"purchasable","14":"product-type-booking"},"booking_location":"","booking_location_type":"","booking_duration":1,"booking_duration_unit":"day","booking_buffer":0,"booking_cost":6050,"booking_resources":[],"aioseo_notices":[],"_links":{"self":[{"href":"https:\/\/omdelfin.com\/es\/wp-json\/wp\/v2\/product\/29748","targetHints":{"allow":["GET"]}}],"collection":[{"href":"https:\/\/omdelfin.com\/es\/wp-json\/wp\/v2\/product"}],"about":[{"href":"https:\/\/omdelfin.com\/es\/wp-json\/wp\/v2\/types\/product"}],"wp:featuredmedia":[{"embeddable":true,"href":"https:\/\/omdelfin.com\/es\/wp-json\/wp\/v2\/media\/29679"}],"wp:attachment":[{"href":"https:\/\/omdelfin.com\/es\/wp-json\/wp\/v2\/media?parent=29748"}],"wp:term":[{"taxonomy":"product_brand","embeddable":true,"href":"https:\/\/omdelfin.com\/es\/wp-json\/wp\/v2\/product_brand?post=29748"},{"taxonomy":"product_cat","embeddable":true,"href":"https:\/\/omdelfin.com\/es\/wp-json\/wp\/v2\/product_cat?post=29748"},{"taxonomy":"product_tag","embeddable":true,"href":"https:\/\/omdelfin.com\/es\/wp-json\/wp\/v2\/product_tag?post=29748"}],"curies":[{"name":"wp","href":"https:\/\/api.w.org\/{rel}","templated":true}]}}