{"id":29743,"date":"2025-05-23T18:07:46","date_gmt":"2025-05-23T23:07:46","guid":{"rendered":"https:\/\/omdelfin.com\/?post_type=product&#038;p=29743"},"modified":"2026-02-26T00:52:43","modified_gmt":"2026-02-26T05:52:43","slug":"2-open-water-course-in-puerto-morelos","status":"publish","type":"product","link":"https:\/\/omdelfin.com\/es\/excursion\/2-open-water-course-in-puerto-morelos\/","title":{"rendered":"2. Open Water Course in Puerto Morelos"},"content":{"rendered":"<h1>Diving Puerto Morelos Open Water<\/h1>\n<p>No es necesario tener experiencia previa en buceo, pero s\u00ed saber nadar y tener al menos 10 a\u00f1os.<\/p>\n<p><strong>Incluye<\/strong><\/p>\n<ul>\n<li>Programa de 3 a 4 d\u00edas<\/li>\n<li>De 8:30 a 16:30<\/li>\n<li>Equipo incluido<\/li>\n<li>Formaci\u00f3n en piscinas<\/li>\n<li>4 inmersiones en aguas abiertas<\/li>\n<li>Libro de registro<\/li>\n<\/ul>\n<h2>Dive in Puerto Morelos<\/h2>\n<p><strong>No incluye<\/strong><\/p>\n<ul>\n<li>Libros y tablas de buceo (1700 MXN)<\/li>\n<li>Fotos y v\u00eddeos (servicio multimedia a la carta)<\/li>\n<li>Consejos y lo no especificado<\/li>\n<\/ul>\n<p><strong>Requisitos<\/strong><\/p>\n<ul>\n<li>No volar durante las pr\u00f3ximas 18 horas<\/li>\n<li>Firmar un cuestionario m\u00e9dico y responsivo<\/li>\n<\/ul>\n<p>&nbsp;<\/p>\n<p>Un programa de 3 a 4 d\u00edas para obtener la licencia de buceo.<\/p>\n<p><em>No es necesario tener experiencia de buceo<\/em><\/p>\n<p>&nbsp;<\/p>","protected":false},"excerpt":{"rendered":"<p>En el curso PADI Open Water Diver, aprender\u00e1s a utilizar el equipo b\u00e1sico de buceo, que incluye m\u00e1scara, tubo, aletas, regulador, dispositivo de control de la flotabilidad y tanque.<\/p>\n<p>Despu\u00e9s de esta certificaci\u00f3n puedes bucear hasta 18 metros.<\/p>\n<p>Si quieres tener tu actividad antes, contacta con nosotros por correo o whatsapp, para revisar\u00a0disponibilidad<\/p>\n<p>&nbsp;<\/p>","protected":false},"featured_media":29687,"template":"","meta":[],"product_brand":[],"product_cat":[1552],"product_tag":[],"class_list":{"0":"post-29743","1":"product","2":"type-product","3":"status-publish","4":"has-post-thumbnail","6":"product_cat-diving-courses","8":"first","9":"instock","10":"sold-individually","11":"taxable","12":"shipping-taxable","13":"purchasable","14":"product-type-booking"},"booking_location":"","booking_location_type":"","booking_duration":1,"booking_duration_unit":"day","booking_buffer":0,"booking_cost":8650,"booking_resources":[],"aioseo_notices":[],"_links":{"self":[{"href":"https:\/\/omdelfin.com\/es\/wp-json\/wp\/v2\/product\/29743","targetHints":{"allow":["GET"]}}],"collection":[{"href":"https:\/\/omdelfin.com\/es\/wp-json\/wp\/v2\/product"}],"about":[{"href":"https:\/\/omdelfin.com\/es\/wp-json\/wp\/v2\/types\/product"}],"wp:featuredmedia":[{"embeddable":true,"href":"https:\/\/omdelfin.com\/es\/wp-json\/wp\/v2\/media\/29687"}],"wp:attachment":[{"href":"https:\/\/omdelfin.com\/es\/wp-json\/wp\/v2\/media?parent=29743"}],"wp:term":[{"taxonomy":"product_brand","embeddable":true,"href":"https:\/\/omdelfin.com\/es\/wp-json\/wp\/v2\/product_brand?post=29743"},{"taxonomy":"product_cat","embeddable":true,"href":"https:\/\/omdelfin.com\/es\/wp-json\/wp\/v2\/product_cat?post=29743"},{"taxonomy":"product_tag","embeddable":true,"href":"https:\/\/omdelfin.com\/es\/wp-json\/wp\/v2\/product_tag?post=29743"}],"curies":[{"name":"wp","href":"https:\/\/api.w.org\/{rel}","templated":true}]}}