{"id":29735,"date":"2025-05-23T18:04:59","date_gmt":"2025-05-23T23:04:59","guid":{"rendered":"https:\/\/omdelfin.com\/?post_type=product&#038;p=29735"},"modified":"2025-08-28T12:25:45","modified_gmt":"2025-08-28T17:25:45","slug":"4-rescue-diver","status":"publish","type":"product","link":"https:\/\/omdelfin.com\/es\/excursion\/4-rescue-diver\/","title":{"rendered":"4. Rescue Diver"},"content":{"rendered":"<p>Para completar su <span style=\"font-weight: normal !msorm;\"><strong>Buzo de resca<\/strong><\/span><span style=\"font-weight: normal !msorm;\"><strong>te<\/strong><\/span> Por supuesto, es necesario tener una certificaci\u00f3n v\u00e1lida del curso de Primeros Auxilios de Emergencia (EFR) (curso de un d\u00eda).<\/p>\n<p>RESPUESTA DE PRIMERA EMERGENCIA (3500 MXN)<br \/>\nLa formaci\u00f3n de Emergency First Response se centra en fomentar la confianza de los reanimadores y aumentar su disposici\u00f3n a responder cuando se enfrentan a una emergencia m\u00e9dica. Los participantes en el curso aprenden pasos sencillos para la atenci\u00f3n de emergencias y practican la aplicaci\u00f3n de habilidades en un entorno de aprendizaje no estresante. Todos los cursos se apoyan en manuales de autoaprendizaje, v\u00eddeos y tarjetas de referencia r\u00e1pida para mejorar el aprendizaje y permitirle empezar a aprender de inmediato.<\/p>\n<p class=\"translation-block\">Los cursos EFR cumplen con los requisitos de formaci\u00f3n en RCP y primeros auxilios para el curso PADI Rescue Diver y todas las calificaciones de nivel profesional. La mayor\u00eda de los instructores PADI tambi\u00e9n son instructores de Emergency First Response.<\/p>\n<p>Los siguientes cursos EFR se basan en directrices m\u00e9dicas reconocidas internacionalmente para la atenci\u00f3n de urgencias.<\/p>\n<h2>RESCUDE DIVER COURSE<\/h2>\n<p><strong>LO QUE VER\u00c1<\/strong><\/p>\n<p>Descubra diferentes tipos de corales duros o blandos, junto con una abundante vida marina, como rayas, tortugas, peces loro, peces globo, peces le\u00f3n, peces soldado, roncos y muchos m\u00e1s.<\/p>\n<p><strong>Equipo<\/strong><\/p>\n<p>Proporcionaremos: dispositivo de control de flotabilidad (BCD), regulador, traje de neopreno, m\u00e1scara, aletas, pesas, tanques y linterna si es necesario.<\/p>\n<p>Los libros y las tablas de buceo no est\u00e1n incluidos (aproximadamente 1600 MXN).<\/p>","protected":false},"excerpt":{"rendered":"<p>Los buzos describen el <span style=\"font-weight: normal !msorm;\">PADI Rescue Diver<\/span> curso como el m\u00e1s desafiante, pero tambi\u00e9n el m\u00e1s gratificante que jam\u00e1s hayan tomado. \u00bfPor qu\u00e9? Porque aprendes a prevenir y gestionar problemas en el agua y ganas confianza en tus habilidades como buzo, sabiendo que puedes ayudar a otros si es necesario.<\/p>\n<p>Durante el curso, aprender\u00e1s a convertirte en un mejor compa\u00f1ero practicando habilidades para resolver problemas hasta que se conviertan en algo natural. Adem\u00e1s, el curso es muy divertido: es serio, pero tambi\u00e9n permite re\u00edrse mucho entre sesiones de aprendizaje intensivo.<\/p>\n<p>Si quieres reservar tu actividad con antelaci\u00f3n, cont\u00e1ctanos por correo electr\u00f3nico o WhatsApp para comprobar la disponibilidad.<\/p>\n<p>&nbsp;<\/p>","protected":false},"featured_media":29700,"template":"","meta":[],"product_brand":[],"product_cat":[1552],"product_tag":[],"class_list":{"0":"post-29735","1":"product","2":"type-product","3":"status-publish","4":"has-post-thumbnail","6":"product_cat-diving-courses","8":"first","9":"instock","10":"sold-individually","11":"taxable","12":"shipping-taxable","13":"purchasable","14":"product-type-booking"},"booking_location":"","booking_location_type":"","booking_duration":1,"booking_duration_unit":"day","booking_buffer":0,"booking_cost":7800,"booking_resources":[],"aioseo_notices":[],"_links":{"self":[{"href":"https:\/\/omdelfin.com\/es\/wp-json\/wp\/v2\/product\/29735","targetHints":{"allow":["GET"]}}],"collection":[{"href":"https:\/\/omdelfin.com\/es\/wp-json\/wp\/v2\/product"}],"about":[{"href":"https:\/\/omdelfin.com\/es\/wp-json\/wp\/v2\/types\/product"}],"wp:featuredmedia":[{"embeddable":true,"href":"https:\/\/omdelfin.com\/es\/wp-json\/wp\/v2\/media\/29700"}],"wp:attachment":[{"href":"https:\/\/omdelfin.com\/es\/wp-json\/wp\/v2\/media?parent=29735"}],"wp:term":[{"taxonomy":"product_brand","embeddable":true,"href":"https:\/\/omdelfin.com\/es\/wp-json\/wp\/v2\/product_brand?post=29735"},{"taxonomy":"product_cat","embeddable":true,"href":"https:\/\/omdelfin.com\/es\/wp-json\/wp\/v2\/product_cat?post=29735"},{"taxonomy":"product_tag","embeddable":true,"href":"https:\/\/omdelfin.com\/es\/wp-json\/wp\/v2\/product_tag?post=29735"}],"curies":[{"name":"wp","href":"https:\/\/api.w.org\/{rel}","templated":true}]}}