{"id":29087,"date":"2024-10-01T16:52:30","date_gmt":"2024-10-01T21:52:30","guid":{"rendered":"https:\/\/omdelfin.com\/?post_type=product&#038;p=29087"},"modified":"2026-02-26T00:49:08","modified_gmt":"2026-02-26T05:49:08","slug":"cozumel","status":"publish","type":"product","link":"https:\/\/omdelfin.com\/es\/excursion\/cozumel\/","title":{"rendered":"Cozumel"},"content":{"rendered":"<h2>SCUBA DIVING IN COZUMEL<\/h2>\n<p>El buceo en Cozumel es a\u00fan m\u00e1s asombroso gracias a las aguas cristalinas del oc\u00e9ano, que proporcionan una visibilidad incre\u00edble, como si la naturaleza supiera que tanta belleza merece verse con la mayor claridad posible en casi todas las inmersiones.<\/p>\n<p>LO QUE VER\u00c1 en Cozumel<br \/>\nDiferentes tipos de corales duros o blandos con abundante vida marina como rayas, turtlles, peces loro, peces globo, peces le\u00f3n, peces soldado, peces gru\u00f1\u00f3n...<\/p>\n<p>EQUIPO para bucear en Cozumel<br \/>\nNosotros te proporcionaremos : BCD, reguladores, trajes de neopreno, mascaras, aletas, plomos, tanques y luces de flash si es necesario. Todo lo que necesitas para bucear en Puerto Morelos Mexico.<\/p>\n<p>Horarios<\/p>\n<p>7 am a 1 pm<\/p>\n<p>12:30 a 5:30 pm<\/p>\n<p>&nbsp;<\/p>","protected":false},"excerpt":{"rendered":"<p>Explora las profundas aguas azules de la bajada de Cozumel, siente la deriva a lo largo del camino y nada entre las formaciones de coral. De 8.30 a 4.30, transporte en lancha r\u00e1pida, entrada al parque nacional, comida, bebidas, equipo y gu\u00eda oficial incluidos.<\/p>\n<p>Bucear en Cozumel es un para\u00edso de exuberantes paredes y corrientes de alto voltaje, donde cuevas y cavernas est\u00e1n listas para ser exploradas. Aseg\u00farate de que tu regulador no se mueve mientras contemplas la colecci\u00f3n de criaturas que se mecen a lo largo de estos arrecifes mesoamericanos.<\/p>\n<p>&nbsp;<\/p>\n<p>Si quieres tener tu actividad antes, contacta con nosotros por correo o whatsapp, para revisar\u00a0disponibilidad<\/p>\n<p>&nbsp;<\/p>","protected":false},"featured_media":29645,"template":"","meta":[],"product_brand":[],"product_cat":[1569],"product_tag":[],"class_list":{"0":"post-29087","1":"product","2":"type-product","3":"status-publish","4":"has-post-thumbnail","6":"product_cat-scuba-diving-puerto-morelos","8":"first","9":"instock","10":"sold-individually","11":"taxable","12":"shipping-taxable","13":"purchasable","14":"product-type-booking"},"booking_location":"","booking_location_type":"","booking_duration":1,"booking_duration_unit":"day","booking_buffer":0,"booking_cost":4400,"booking_resources":[],"aioseo_notices":[],"_links":{"self":[{"href":"https:\/\/omdelfin.com\/es\/wp-json\/wp\/v2\/product\/29087","targetHints":{"allow":["GET"]}}],"collection":[{"href":"https:\/\/omdelfin.com\/es\/wp-json\/wp\/v2\/product"}],"about":[{"href":"https:\/\/omdelfin.com\/es\/wp-json\/wp\/v2\/types\/product"}],"wp:featuredmedia":[{"embeddable":true,"href":"https:\/\/omdelfin.com\/es\/wp-json\/wp\/v2\/media\/29645"}],"wp:attachment":[{"href":"https:\/\/omdelfin.com\/es\/wp-json\/wp\/v2\/media?parent=29087"}],"wp:term":[{"taxonomy":"product_brand","embeddable":true,"href":"https:\/\/omdelfin.com\/es\/wp-json\/wp\/v2\/product_brand?post=29087"},{"taxonomy":"product_cat","embeddable":true,"href":"https:\/\/omdelfin.com\/es\/wp-json\/wp\/v2\/product_cat?post=29087"},{"taxonomy":"product_tag","embeddable":true,"href":"https:\/\/omdelfin.com\/es\/wp-json\/wp\/v2\/product_tag?post=29087"}],"curies":[{"name":"wp","href":"https:\/\/api.w.org\/{rel}","templated":true}]}}