{"id":29086,"date":"2024-10-01T16:50:41","date_gmt":"2024-10-01T21:50:41","guid":{"rendered":"https:\/\/omdelfin.com\/?post_type=product&#038;p=29086"},"modified":"2026-02-26T00:47:44","modified_gmt":"2026-02-26T05:47:44","slug":"night-dive","status":"publish","type":"product","link":"https:\/\/omdelfin.com\/es\/excursion\/night-dive\/","title":{"rendered":"Buceo Nocturno"},"content":{"rendered":"<h2><strong>Dive Sites in Puerto Morelos<\/strong><\/h2>\n<p>LO QUE VER\u00c1<\/p>\n<p>Durante una inmersi\u00f3n nocturna, ver\u00e1 diferentes tipos de corales duros o blandos con abundante vida marina como rayas, tortugas, peces loro, peces globo, peces le\u00f3n, peces soldado, peces gru\u00f1\u00f3n...<\/p>\n<p>&nbsp;<\/p>\n<p>Equipo<br \/>\nLe proporcionaremos para una inmersi\u00f3n nocturna en Puerto Morelos : BCD, reguladores, trajes de neopreno, m\u00e1scaras, aletas, plomos, tanques y luces de flash si es necesario.<\/p>\n<p>&nbsp;<\/p>\n<p>Tienes un par de d\u00edas para bucear y quieres ver todo ?Nuestros paquetes son la mejor opci\u00f3n para ti !<\/p>\n<p>&nbsp;<\/p>","protected":false},"excerpt":{"rendered":"<p>Descubra el mundo submarino desde otro punto de vista, observe al pez loro durmiendo en su burbuja, o a las langostas saliendo del arrecife y, para los m\u00e1s afortunados, descubra a los asombrosos pulpos cambiando sus colores.<\/p>\n<p>Para los buzos certificados, la mayor\u00eda bucea en tierra de 18:00 a 21:00.<\/p>\n<p>&nbsp;<\/p>\n<p>Si quieres tener tu actividad antes, contacta con nosotros por correo o whatsapp, para revisar\u00a0disponibilidad<\/p>\n<p>&nbsp;<\/p>","protected":false},"featured_media":29664,"template":"","meta":[],"product_brand":[],"product_cat":[1550],"product_tag":[],"class_list":{"0":"post-29086","1":"product","2":"type-product","3":"status-publish","4":"has-post-thumbnail","6":"product_cat-puerto-morelos-scuba-dive","8":"first","9":"instock","10":"sold-individually","11":"taxable","12":"shipping-taxable","13":"purchasable","14":"product-type-booking"},"booking_location":"","booking_location_type":"","booking_duration":1,"booking_duration_unit":"day","booking_buffer":0,"booking_cost":1600,"booking_resources":[],"aioseo_notices":[],"_links":{"self":[{"href":"https:\/\/omdelfin.com\/es\/wp-json\/wp\/v2\/product\/29086","targetHints":{"allow":["GET"]}}],"collection":[{"href":"https:\/\/omdelfin.com\/es\/wp-json\/wp\/v2\/product"}],"about":[{"href":"https:\/\/omdelfin.com\/es\/wp-json\/wp\/v2\/types\/product"}],"wp:featuredmedia":[{"embeddable":true,"href":"https:\/\/omdelfin.com\/es\/wp-json\/wp\/v2\/media\/29664"}],"wp:attachment":[{"href":"https:\/\/omdelfin.com\/es\/wp-json\/wp\/v2\/media?parent=29086"}],"wp:term":[{"taxonomy":"product_brand","embeddable":true,"href":"https:\/\/omdelfin.com\/es\/wp-json\/wp\/v2\/product_brand?post=29086"},{"taxonomy":"product_cat","embeddable":true,"href":"https:\/\/omdelfin.com\/es\/wp-json\/wp\/v2\/product_cat?post=29086"},{"taxonomy":"product_tag","embeddable":true,"href":"https:\/\/omdelfin.com\/es\/wp-json\/wp\/v2\/product_tag?post=29086"}],"curies":[{"name":"wp","href":"https:\/\/api.w.org\/{rel}","templated":true}]}}