{"id":29085,"date":"2024-10-01T16:48:54","date_gmt":"2024-10-01T21:48:54","guid":{"rendered":"https:\/\/omdelfin.com\/?post_type=product&#038;p=29085"},"modified":"2026-02-26T00:51:51","modified_gmt":"2026-02-26T05:51:51","slug":"bull-shark","status":"publish","type":"product","link":"https:\/\/omdelfin.com\/es\/excursion\/bull-shark\/","title":{"rendered":"Tibur\u00f3n Toro"},"content":{"rendered":"<h2>BULL SHARK SEASON PLAYA DEL CARMEN<\/h2>\n<p>Los tiburones toro no siempre est\u00e1n en Playa del Carmen y sus alrededores, s\u00f3lo est\u00e1n en las aguas poco profundas entre noviembre y marzo. As\u00ed que aseg\u00farese de planificar su inmersi\u00f3n si quiere verlos. Esta especie se encuentra principalmente a lo largo de las costas y dentro de los r\u00edos de todo el mundo, por lo que no es de extra\u00f1ar que los tiburones toro elijan las aguas de la ciudad de Playa del Carmen, en la costa oriental de M\u00e9xico, como lugar de cr\u00eda.<\/p>\n<p>&nbsp;<\/p>\n<p>Lo que ver\u00e1<\/p>\n<p>El fabuloso tibur\u00f3n toro con sus amigos limpiadores la r\u00e9mora.<\/p>\n<p>EQUIPO para una inmersi\u00f3n con tibur\u00f3n toro<\/p>\n<p>Te proporcionaremos: chaleco, reguladores, trajes de neopreno, m\u00e1scaras, aletas, plomos, y linternas si es necesario.<\/p>","protected":false},"excerpt":{"rendered":"<p>&nbsp;<\/p>\n<p>No se pierda nuestras inmersiones especiales con tiburones toro, la temporada empieza en diciembre y termina en marzo. \u00danico, aventurero, inolvidable...<\/p>\n<p>Si quieres tener tu actividad antes, contacta con nosotros por correo o whatsapp, para revisar\u00a0disponibilidad<\/p>\n<p>&nbsp;<\/p>\n<p>Te proporcionaremos: chaleco, reguladores, trajes de neopreno, m\u00e1scaras, aletas, plomos, y linternas si es necesario.<\/p>","protected":false},"featured_media":29494,"template":"","meta":[],"product_brand":[],"product_cat":[1569],"product_tag":[],"class_list":{"0":"post-29085","1":"product","2":"type-product","3":"status-publish","4":"has-post-thumbnail","6":"product_cat-scuba-diving-puerto-morelos","8":"first","9":"instock","10":"sold-individually","11":"taxable","12":"shipping-taxable","13":"purchasable","14":"product-type-booking"},"booking_location":"","booking_location_type":"","booking_duration":1,"booking_duration_unit":"day","booking_buffer":0,"booking_cost":3650,"booking_resources":[],"aioseo_notices":[],"_links":{"self":[{"href":"https:\/\/omdelfin.com\/es\/wp-json\/wp\/v2\/product\/29085","targetHints":{"allow":["GET"]}}],"collection":[{"href":"https:\/\/omdelfin.com\/es\/wp-json\/wp\/v2\/product"}],"about":[{"href":"https:\/\/omdelfin.com\/es\/wp-json\/wp\/v2\/types\/product"}],"wp:featuredmedia":[{"embeddable":true,"href":"https:\/\/omdelfin.com\/es\/wp-json\/wp\/v2\/media\/29494"}],"wp:attachment":[{"href":"https:\/\/omdelfin.com\/es\/wp-json\/wp\/v2\/media?parent=29085"}],"wp:term":[{"taxonomy":"product_brand","embeddable":true,"href":"https:\/\/omdelfin.com\/es\/wp-json\/wp\/v2\/product_brand?post=29085"},{"taxonomy":"product_cat","embeddable":true,"href":"https:\/\/omdelfin.com\/es\/wp-json\/wp\/v2\/product_cat?post=29085"},{"taxonomy":"product_tag","embeddable":true,"href":"https:\/\/omdelfin.com\/es\/wp-json\/wp\/v2\/product_tag?post=29085"}],"curies":[{"name":"wp","href":"https:\/\/api.w.org\/{rel}","templated":true}]}}