{"id":29051,"date":"2024-09-30T11:35:48","date_gmt":"2024-09-30T16:35:48","guid":{"rendered":"https:\/\/omdelfin.com\/?post_type=product&#038;p=29051"},"modified":"2026-03-16T11:54:24","modified_gmt":"2026-03-16T16:54:24","slug":"snorkeling-in-cenotes","status":"publish","type":"product","link":"https:\/\/omdelfin.com\/es\/excursion\/snorkeling-in-cenotes\/","title":{"rendered":"Snorkeling en Cenotes"},"content":{"rendered":"<h2>CENOTE SIETE BOCAS<\/h2>\n<p>Nos sentimos tan afortunados de poder ofrecerle un TOUR PRIVADO en nuestros sistemas especiales de cavernas. Situado a s\u00f3lo 20 minutos de nuestra tienda de buceo. Tenemos una hermosa zona llamada 7 bocas (7 bocas sistema) basado en el medio de la selva.<\/p>\n<p>Es una excursi\u00f3n de 4 horas, nuestro Gu\u00eda ir\u00e1 con ustedes y les daremos agua, bocadillo, frutas, equipo (m\u00e1scara, snorkel, traje de neopreno y linternas) y transporte. (m\u00ednimo dos personas).<\/p>\n<p>Recomendado para personas que quieran disfrutar de la tranquilidad de la selva y de un cenote realmente \u00fanico.<\/p>\n<h2>CENOTE KIN HA<\/h2>\n<p>Situado a s\u00f3lo 30 minutos de aqu\u00ed, Kin-Ha cuenta con un total de 40 sistemas subterr\u00e1neos diferentes, algunos a\u00fan por descubrir.<\/p>\n<p>Te recogeremos en la tienda de buceo y nos dirigiremos a la carretera de los cenotes de Puerto Morelos. Nadar en dos cenotes diferentes, 8 tirolinas y ATV (Quad) o paseos a caballo.<\/p>\n<p>El coste incluye transporte, entrada, aperitivos, bebidas, tirolinas, atv para dos personas y algunos chapuzones en los cenotes.<\/p>\n<p>Recomendado para familias o grupos que quieran divertirse.<\/p>\n<h3>Lo que ver\u00e1<\/h3>\n<p>Formaciones calizas con estalactitas y estalagmitas, un hermoso juego de luces con el sol y el agua m\u00e1s transparente que jam\u00e1s hayas visto.<\/p>\n<h3>Incluye:<\/h3>\n<p>M\u00e1scaras, aletas, tubos y chaleco salvavidas para bucear en el cenote, transporte y almuerzo.<\/p>\n<p>Entrada incluida en el tour Kin-Ha.<\/p>\n<p><strong>No incluye:<\/strong><\/p>\n<p>Cenote Siete Bocas Entrance (300 mxn)<\/p>","protected":false},"excerpt":{"rendered":"<p>A solo 15 minutos del pueblo de Puerto Morelos, encontrar\u00e1 una carretera alternativa llamada  ruta chiclera. Le llevar\u00e1 a trav\u00e9s de la exuberante selva y encontrar\u00e1 m\u00e1s de 13 parques ecotur\u00edsticos. Todos ellos pueden visitarse y explorarse.<\/p>\n<p>Cenotes Puerto Morelos<\/p>\n<p>Tenemos Cenotes Kin-Ha, Cenote Boca del Puma, Cenote Chilam Balam, Cenote La Noria, Cenote Las Mojarras, Cenote Siete Bocas, Cenote Verde Lucero, Cenote Zapote....y m\u00e1s.<\/p>\n<p>&nbsp;<\/p>\n<p>Puerto Morelos Cenotes<\/p>\n<p>&nbsp;<\/p>\n<p><strong>Si quieres tener tu actividad antes, contacta con nosotros por correo o whatsapp, para revisar\u00a0disponibilidad<\/strong><\/p>\n<p>&nbsp;<\/p>","protected":false},"featured_media":29714,"template":"","meta":[],"product_brand":[],"product_cat":[1567],"product_tag":[],"class_list":{"0":"post-29051","1":"product","2":"type-product","3":"status-publish","4":"has-post-thumbnail","6":"product_cat-snorkeling-in-puerto-morelos","8":"first","9":"instock","10":"sold-individually","11":"taxable","12":"shipping-taxable","13":"purchasable","14":"product-type-booking"},"booking_location":"","booking_location_type":"","booking_duration":1,"booking_duration_unit":"day","booking_buffer":0,"booking_cost":1800,"booking_resources":[],"aioseo_notices":[],"_links":{"self":[{"href":"https:\/\/omdelfin.com\/es\/wp-json\/wp\/v2\/product\/29051","targetHints":{"allow":["GET"]}}],"collection":[{"href":"https:\/\/omdelfin.com\/es\/wp-json\/wp\/v2\/product"}],"about":[{"href":"https:\/\/omdelfin.com\/es\/wp-json\/wp\/v2\/types\/product"}],"wp:featuredmedia":[{"embeddable":true,"href":"https:\/\/omdelfin.com\/es\/wp-json\/wp\/v2\/media\/29714"}],"wp:attachment":[{"href":"https:\/\/omdelfin.com\/es\/wp-json\/wp\/v2\/media?parent=29051"}],"wp:term":[{"taxonomy":"product_brand","embeddable":true,"href":"https:\/\/omdelfin.com\/es\/wp-json\/wp\/v2\/product_brand?post=29051"},{"taxonomy":"product_cat","embeddable":true,"href":"https:\/\/omdelfin.com\/es\/wp-json\/wp\/v2\/product_cat?post=29051"},{"taxonomy":"product_tag","embeddable":true,"href":"https:\/\/omdelfin.com\/es\/wp-json\/wp\/v2\/product_tag?post=29051"}],"curies":[{"name":"wp","href":"https:\/\/api.w.org\/{rel}","templated":true}]}}