{"id":29050,"date":"2024-09-30T11:29:57","date_gmt":"2024-09-30T16:29:57","guid":{"rendered":"https:\/\/omdelfin.com\/?post_type=product&#038;p=29050"},"modified":"2026-02-26T00:50:21","modified_gmt":"2026-02-26T05:50:21","slug":"whale-shark-tour","status":"publish","type":"product","link":"https:\/\/omdelfin.com\/es\/excursion\/whale-shark-tour\/","title":{"rendered":"Whale Shark Tour"},"content":{"rendered":"<h2>WHALE SHARK TOUR<\/h2>\n<p>&nbsp;<\/p>\n<p>Independientemente de d\u00f3nde le lleven sus vacaciones en M\u00e9xico, nadar con tiburones ballena en el Mar Caribe es una actividad que no puede perderse toda la familia. Estos grandes habitantes del oc\u00e9ano son apacibles compa\u00f1eros nadadores que se alimentan de plancton y tienen patrones de manchas \u00fanicos que permiten identificarlos.<\/p>\n<p>Nuestros tours de tibur\u00f3n ballena incluyen el transporte al puerto deportivo, un paseo en barco panor\u00e1mico a la ubicaci\u00f3n de snorkel, todo el equipo de snorkel, un desayuno ligero, y comida y bebidas a bordo. \u00danase a nosotros para disfrutar de una experiencia \u00fanica en sus pr\u00f3ximas vacaciones. El tour del tibur\u00f3n ballena es una oportunidad \u00fanica para nadar y bucear con los peces m\u00e1s grandes del oc\u00e9ano. Una aventura de d\u00eda completo - un recuerdo para toda la vida. Ideal para que toda la familia pase un rato agradable disfrutando del oc\u00e9ano, la naturaleza y estos maravillosos y gentiles gigantes del mar.<\/p>\n<p>Whale Shark excursion<\/p>\n<p>&nbsp;<\/p>\n<p>LO QUE VER\u00c1 :<\/p>\n<p>Los majestuosos y singulares tiburones ballena y, si tiene suerte, las mantarrayas pueden estar nadando junto a ellos. En el paseo en barco, observe a los delfines en la superficie.<\/p>\n<h2>Whale Shark Mexico<\/h2>\n<p>Equipo:<\/p>\n<p>Le proporcionaremos para su tour de tibur\u00f3n ballena: M\u00e1scaras, aletas, tubos y chaleco salvavidas<\/p>\n<p>Impuesto ambiental<\/p>","protected":false},"excerpt":{"rendered":"<p>La temporada del tibur\u00f3n ballena comienza a finales de mayo y dura hasta mediados de septiembre. \u00a1\u00a1\u00a1No se lo pierda y reserve aqu\u00ed su excursi\u00f3n con el tibur\u00f3n ballena!!!<\/p>\n<p>El tibur\u00f3n ballena es el pez m\u00e1s grande del mundo, ya que alcanza de 12 a 15 metros y 18 toneladas m\u00e9tricas. Durante esta excursi\u00f3n podr\u00e1 bucear junto a ellos en su zona natural.<\/p>\n<p>La excursi\u00f3n saldr\u00e1 del centro de Puerto Morelos o de tu hotel sobre las 6.30 am (podemos recogerte) y volver\u00e1s sobre las 3 pm. Todo est\u00e1 incluido (transporte a Canc\u00fan, lancha r\u00e1pida durante aproximadamente una hora, equipo, gu\u00eda oficial en diferentes idiomas, almuerzo, snorkel con el tibur\u00f3n ballena y una parada en una playa de Isla Mujeres).<\/p>\n<p>&nbsp;<\/p>\n<p>Si quieres tener tu actividad antes, contacta con nosotros por correo o whatsapp, para revisar\u00a0disponibilidad<\/p>\n<p>&nbsp;<\/p>","protected":false},"featured_media":25753,"template":"","meta":[],"product_brand":[],"product_cat":[1567],"product_tag":[],"class_list":{"0":"post-29050","1":"product","2":"type-product","3":"status-publish","4":"has-post-thumbnail","6":"product_cat-snorkeling-in-puerto-morelos","8":"first","9":"instock","10":"sold-individually","11":"taxable","12":"shipping-taxable","13":"purchasable","14":"product-type-booking"},"booking_location":"","booking_location_type":"","booking_duration":1,"booking_duration_unit":"day","booking_buffer":0,"booking_cost":4200,"booking_resources":[],"aioseo_notices":[],"_links":{"self":[{"href":"https:\/\/omdelfin.com\/es\/wp-json\/wp\/v2\/product\/29050","targetHints":{"allow":["GET"]}}],"collection":[{"href":"https:\/\/omdelfin.com\/es\/wp-json\/wp\/v2\/product"}],"about":[{"href":"https:\/\/omdelfin.com\/es\/wp-json\/wp\/v2\/types\/product"}],"wp:featuredmedia":[{"embeddable":true,"href":"https:\/\/omdelfin.com\/es\/wp-json\/wp\/v2\/media\/25753"}],"wp:attachment":[{"href":"https:\/\/omdelfin.com\/es\/wp-json\/wp\/v2\/media?parent=29050"}],"wp:term":[{"taxonomy":"product_brand","embeddable":true,"href":"https:\/\/omdelfin.com\/es\/wp-json\/wp\/v2\/product_brand?post=29050"},{"taxonomy":"product_cat","embeddable":true,"href":"https:\/\/omdelfin.com\/es\/wp-json\/wp\/v2\/product_cat?post=29050"},{"taxonomy":"product_tag","embeddable":true,"href":"https:\/\/omdelfin.com\/es\/wp-json\/wp\/v2\/product_tag?post=29050"}],"curies":[{"name":"wp","href":"https:\/\/api.w.org\/{rel}","templated":true}]}}