{"id":28641,"date":"2024-05-30T23:31:15","date_gmt":"2024-05-31T04:31:15","guid":{"rendered":"https:\/\/omdelfin.com\/?post_type=product&#038;p=28641"},"modified":"2026-04-28T12:14:52","modified_gmt":"2026-04-28T17:14:52","slug":"snorkeling-in-puerto-morelos","status":"publish","type":"product","link":"https:\/\/omdelfin.com\/es\/excursion\/snorkeling-in-puerto-morelos\/","title":{"rendered":"Snorkeling in Puerto Morelos"},"content":{"rendered":"<p>Nuestro tour de snorkel Puerto Morelos est\u00e1 disponible para todos, ni\u00f1os, adultos y abuelos, principiantes o experimentados snorkelers. Puerto Morelos ofrece una incre\u00edble experiencia de snorkel con sus aguas claras y tranquilas y una abundancia de colorida vida marina.<\/p>\n<p>La excursi\u00f3n de snorkel le llevar\u00e1 a explorar el Arrecife Mesoamericano, la segunda barrera de coral m\u00e1s grande del mundo. Tendr\u00e1 la oportunidad de nadar junto a bancos de peces tropicales, ver vibrantes formaciones de coral y encontrarse con otras fascinantes criaturas marinas.<\/p>\n<h2>Puerto Morelos Snorkeling<\/h2>\n<p>El tour es adecuado para todos los niveles de habilidad, y gu\u00edas expertos estar\u00e1n con usted en cada paso del camino para garantizar una experiencia segura y agradable. \u00a1No te pierdas la oportunidad de descubrir la belleza del mundo submarino de Puerto Morelos en un tour de snorkel!<\/p>\n<p>Ofrecemos un viaje de dos horas en el Parque Nacional de Puerto Morelos, uno de los mejores tours de snorkel en la Riviera Maya, gracias a la zona protegida. Durante este viaje, visitar\u00e1s dos arrecifes diferentes y har\u00e1s snorkel durante 45 minutos en cada uno.<\/p>\n<p><strong>Incluye<\/strong><\/p>\n<ul>\n<li>Equipo de snorkel (m\u00e1scara, aletas, tubo)<\/li>\n<li>Chaleco salvavidas<\/li>\n<li>Agua<\/li>\n<li>Brazalete del Parque Nacional<\/li>\n<li>Gu\u00eda oficial<\/li>\n<\/ul>\n<p><strong><em>*Minimum 2 people<\/em><\/strong><\/p>\n<p><strong>No incluye<\/strong><\/p>\n<ul>\n<li>Transporte<\/li>\n<li>Gastos de reserva<\/li>\n<li>Fotos y v\u00eddeos (servicio multimedia a la carta)<\/li>\n<li>Consejos y lo no especificado<\/li>\n<\/ul>\n<h2>Puerto Morelos M\u00e9xico Snorkeling<\/h2>\n<p><strong>Normas a respetar<\/strong><\/p>\n<ul>\n<li>Est\u00e1 PROHIBIDO el uso de protector solar (o aplicarlo al menos 45 minutos antes)<\/li>\n<li>El uso del chaleco salvavidas es OBLIGATORIO<\/li>\n<li>No toque nada y no alimente a los peces<\/li>\n<\/ul>\n<p>Debido a la gran conservaci\u00f3n te sorprender\u00e1s felizmente de la vida marina y de todos los corales sanos que hacen posible toda esta vida. Tenemos diferentes horarios en el d\u00eda y una piscina est\u00e1 disponible para probar con nosotros.<\/p>\n<p>Los horarios en los que puede reservar su visita son:<\/p>\n<p>11 am<\/p>","protected":false},"excerpt":{"rendered":"<p class=\"translation-block\">Descubra la belleza del mundo submarino de Puerto Morelos en una excursi\u00f3n de buceo de 2 horas. Explore el impresionante Arrecife Mesoamericano, hogar de una gran variedad de colorida vida marina y vibrantes formaciones coralinas. Con gu\u00edas expertos y todo el equipo necesario, esta excursi\u00f3n es perfecta tanto para principiantes como para buzos experimentados.<\/p>\n<p>Si quieres tener tu actividad antes, contacta con nosotros por correo o whatsapp, para revisar\u00a0disponibilidad<\/p>\n<p>INFORMACI\u00d3N IMPORTANTE: Por razones de n\u00famero m\u00ednimo de buzos, log\u00edstica y condiciones meteorol\u00f3gicas, rogamos a nuestros estudiantes una flexibilidad de 2 \u00f3 3 d\u00edas. Haremos todo lo posible para acomodarle en las fechas solicitadas. Gracias por su comprensi\u00f3n.<\/p>","protected":false},"featured_media":29720,"template":"","meta":[],"product_brand":[],"product_cat":[1567],"product_tag":[],"class_list":{"0":"post-28641","1":"product","2":"type-product","3":"status-publish","4":"has-post-thumbnail","6":"product_cat-snorkeling-in-puerto-morelos","8":"first","9":"instock","10":"sold-individually","11":"taxable","12":"shipping-taxable","13":"purchasable","14":"product-type-booking"},"booking_location":"","booking_location_type":"","booking_duration":1,"booking_duration_unit":"day","booking_buffer":0,"booking_cost":650,"booking_resources":[],"aioseo_notices":[],"_links":{"self":[{"href":"https:\/\/omdelfin.com\/es\/wp-json\/wp\/v2\/product\/28641","targetHints":{"allow":["GET"]}}],"collection":[{"href":"https:\/\/omdelfin.com\/es\/wp-json\/wp\/v2\/product"}],"about":[{"href":"https:\/\/omdelfin.com\/es\/wp-json\/wp\/v2\/types\/product"}],"wp:featuredmedia":[{"embeddable":true,"href":"https:\/\/omdelfin.com\/es\/wp-json\/wp\/v2\/media\/29720"}],"wp:attachment":[{"href":"https:\/\/omdelfin.com\/es\/wp-json\/wp\/v2\/media?parent=28641"}],"wp:term":[{"taxonomy":"product_brand","embeddable":true,"href":"https:\/\/omdelfin.com\/es\/wp-json\/wp\/v2\/product_brand?post=28641"},{"taxonomy":"product_cat","embeddable":true,"href":"https:\/\/omdelfin.com\/es\/wp-json\/wp\/v2\/product_cat?post=28641"},{"taxonomy":"product_tag","embeddable":true,"href":"https:\/\/omdelfin.com\/es\/wp-json\/wp\/v2\/product_tag?post=28641"}],"curies":[{"name":"wp","href":"https:\/\/api.w.org\/{rel}","templated":true}]}}