{"id":28639,"date":"2024-05-30T23:31:15","date_gmt":"2024-05-31T04:31:15","guid":{"rendered":"https:\/\/omdelfin.com\/?post_type=product&#038;p=28639"},"modified":"2026-02-26T00:44:53","modified_gmt":"2026-02-26T05:44:53","slug":"discovery-dive","status":"publish","type":"product","link":"https:\/\/omdelfin.com\/es\/excursion\/discovery-dive\/","title":{"rendered":"Puerto Morelos Diving (Discovery Dive)"},"content":{"rendered":"<p>Con el descubrimiento, puede tener una idea de lo que es bucear.<\/p>\n<h2>Best Places To Scuba Dive<\/h2>\n<p><strong>Incluye<\/strong><\/p>\n<ul>\n<li>De 8:30 a 12:00 o de 13:00 a 16:30<\/li>\n<li>Equipo incluido<\/li>\n<li>Teor\u00eda y pr\u00e1ctica en la piscina<\/li>\n<li>2 inmersiones de 45 min aprox cada una<\/li>\n<li>La profundidad m\u00e1xima para ambas inmersiones es de 12 metros\/40 pies<\/li>\n<li>Gu\u00eda de buceo certificado PADI (multilingue)<\/li>\n<\/ul>\n<p><strong>No incluye<\/strong><\/p>\n<ul>\n<li>Fotos y v\u00eddeos (servicio multimedia a la carta)<\/li>\n<li>Consejos y lo no especificado<\/li>\n<\/ul>\n<p><strong>Requisitos<\/strong><\/p>\n<ul>\n<li>No volar durante las pr\u00f3ximas 18 horas<\/li>\n<li>Firmar un cuestionario m\u00e9dico y responsivo<\/li>\n<\/ul>","protected":false},"excerpt":{"rendered":"<p>\u00a1Tu oportunidad para probar el buceo!<\/p>\n<p>No es necesario tener experiencia de buceo<\/p>\n<p>La mayor\u00eda de la gente piensa que se necesita una licencia para bucear, pero no es as\u00ed, se puede bucear desde los 10 a\u00f1os, con s\u00f3lo un poco de teor\u00eda y pr\u00e1ctica bajo la supervisi\u00f3n directa de un Instructor PADI.<\/p>\n<p>Si quieres tener tu actividad antes, contacta con nosotros por correo o whatsapp, para revisar\u00a0disponibilidad<\/p>\n<p>&nbsp;<\/p>","protected":false},"featured_media":29666,"template":"","meta":[],"product_brand":[],"product_cat":[1550],"product_tag":[],"class_list":{"0":"post-28639","1":"product","2":"type-product","3":"status-publish","4":"has-post-thumbnail","6":"product_cat-puerto-morelos-scuba-dive","8":"first","9":"instock","10":"sold-individually","11":"taxable","12":"shipping-taxable","13":"purchasable","14":"product-type-booking"},"booking_location":"","booking_location_type":"","booking_duration":1,"booking_duration_unit":"day","booking_buffer":0,"booking_cost":2600,"booking_resources":[],"aioseo_notices":[],"_links":{"self":[{"href":"https:\/\/omdelfin.com\/es\/wp-json\/wp\/v2\/product\/28639","targetHints":{"allow":["GET"]}}],"collection":[{"href":"https:\/\/omdelfin.com\/es\/wp-json\/wp\/v2\/product"}],"about":[{"href":"https:\/\/omdelfin.com\/es\/wp-json\/wp\/v2\/types\/product"}],"wp:featuredmedia":[{"embeddable":true,"href":"https:\/\/omdelfin.com\/es\/wp-json\/wp\/v2\/media\/29666"}],"wp:attachment":[{"href":"https:\/\/omdelfin.com\/es\/wp-json\/wp\/v2\/media?parent=28639"}],"wp:term":[{"taxonomy":"product_brand","embeddable":true,"href":"https:\/\/omdelfin.com\/es\/wp-json\/wp\/v2\/product_brand?post=28639"},{"taxonomy":"product_cat","embeddable":true,"href":"https:\/\/omdelfin.com\/es\/wp-json\/wp\/v2\/product_cat?post=28639"},{"taxonomy":"product_tag","embeddable":true,"href":"https:\/\/omdelfin.com\/es\/wp-json\/wp\/v2\/product_tag?post=28639"}],"curies":[{"name":"wp","href":"https:\/\/api.w.org\/{rel}","templated":true}]}}