{"id":28638,"date":"2024-05-30T23:31:15","date_gmt":"2024-05-31T04:31:15","guid":{"rendered":"https:\/\/omdelfin.com\/?post_type=product&#038;p=28638"},"modified":"2026-02-26T00:48:27","modified_gmt":"2026-02-26T05:48:27","slug":"scuba-diving-in-cenotes","status":"publish","type":"product","link":"https:\/\/omdelfin.com\/es\/excursion\/scuba-diving-in-cenotes\/","title":{"rendered":"Scuba diving en Cenotes Puerto Morelos"},"content":{"rendered":"<p>Un cenote es una fosa natural, o sumidero, resultante del colapso del lecho rocoso de piedra caliza que deja al descubierto el agua subterr\u00e1nea subyacente.<\/p>\n<p>Nuestro viaje sale a las 8 de la ma\u00f1ana y volveremos sobre las 3 de la tarde.<\/p>\n<p><strong>Incluye<\/strong><\/p>\n<ul>\n<li>2 inmersiones<\/li>\n<li>Luz de flash<\/li>\n<li>Almuerzo y bebidas<\/li>\n<li>Gu\u00eda de cuevas completo con certificaci\u00f3n PADI (multiling\u00fce)<\/li>\n<li>Transporte a los cenotes<\/li>\n<\/ul>\n<h2>Scuba Diving Puerto Morelos M\u00e9xico<\/h2>\n<p><strong>No incluye<\/strong><\/p>\n<ul>\n<li>Costo de entrada a Cenotes<\/li>\n<li>Fotos y v\u00eddeos (servicio multimedia a la carta)<\/li>\n<li>Consejos y lo no especificado<\/li>\n<\/ul>\n<p><strong>Requisitos<\/strong><\/p>\n<ul>\n<li>Su licencia de buceo (o al menos su n\u00famero PADI)<\/li>\n<li>No volar durante las pr\u00f3ximas 18 horas<\/li>\n<li>Firmar un cuestionario m\u00e9dico y responsivo<\/li>\n<\/ul>","protected":false},"excerpt":{"rendered":"<p>Sorprendentes 2 inmersiones en Cenotes. Haz que tu estancia en la Riviera Maya sea inolvidable explorando las maravillas naturales de los Cenotes.<\/p>\n<p>S\u00f3lo buzos certificados<\/p>\n<p>M\u00ednimo 2 buzos<\/p>\n<p>Si quieres tener tu actividad antes, contacta con nosotros por correo o whatsapp, para revisar\u00a0disponibilidad<\/p>\n<p>INFORMACI\u00d3N IMPORTANTE: Por razones de n\u00famero m\u00ednimo de buzos, log\u00edstica y condiciones meteorol\u00f3gicas, rogamos a nuestros estudiantes una flexibilidad de 2 \u00f3 3 d\u00edas. Haremos todo lo posible para acomodarle en las fechas solicitadas. Gracias por su comprensi\u00f3n.<\/p>\n<p>&nbsp;<\/p>","protected":false},"featured_media":29639,"template":"","meta":[],"product_brand":[],"product_cat":[1550],"product_tag":[],"class_list":{"0":"post-28638","1":"product","2":"type-product","3":"status-publish","4":"has-post-thumbnail","6":"product_cat-puerto-morelos-scuba-dive","8":"first","9":"instock","10":"sold-individually","11":"taxable","12":"shipping-taxable","13":"purchasable","14":"product-type-booking"},"booking_location":"","booking_location_type":"","booking_duration":1,"booking_duration_unit":"day","booking_buffer":0,"booking_cost":3800,"booking_resources":[],"aioseo_notices":[],"_links":{"self":[{"href":"https:\/\/omdelfin.com\/es\/wp-json\/wp\/v2\/product\/28638","targetHints":{"allow":["GET"]}}],"collection":[{"href":"https:\/\/omdelfin.com\/es\/wp-json\/wp\/v2\/product"}],"about":[{"href":"https:\/\/omdelfin.com\/es\/wp-json\/wp\/v2\/types\/product"}],"wp:featuredmedia":[{"embeddable":true,"href":"https:\/\/omdelfin.com\/es\/wp-json\/wp\/v2\/media\/29639"}],"wp:attachment":[{"href":"https:\/\/omdelfin.com\/es\/wp-json\/wp\/v2\/media?parent=28638"}],"wp:term":[{"taxonomy":"product_brand","embeddable":true,"href":"https:\/\/omdelfin.com\/es\/wp-json\/wp\/v2\/product_brand?post=28638"},{"taxonomy":"product_cat","embeddable":true,"href":"https:\/\/omdelfin.com\/es\/wp-json\/wp\/v2\/product_cat?post=28638"},{"taxonomy":"product_tag","embeddable":true,"href":"https:\/\/omdelfin.com\/es\/wp-json\/wp\/v2\/product_tag?post=28638"}],"curies":[{"name":"wp","href":"https:\/\/api.w.org\/{rel}","templated":true}]}}