{"id":28637,"date":"2024-05-30T23:31:15","date_gmt":"2024-05-31T04:31:15","guid":{"rendered":"https:\/\/omdelfin.com\/?post_type=product&#038;p=28637"},"modified":"2026-02-26T00:46:14","modified_gmt":"2026-02-26T05:46:14","slug":"local-dive-reef-puerto-morelos","status":"publish","type":"product","link":"https:\/\/omdelfin.com\/es\/excursion\/local-dive-reef-puerto-morelos\/","title":{"rendered":"Buceo Local en Arrecife Puerto Morelos"},"content":{"rendered":"<h1>Scuba Diving Puerto Morelos<\/h1>\n<p>Puerto Morelos es un t\u00edpico pueblo pesquero mexicano, situado entre Canc\u00fan y Playa del Carmen. Es mundialmente famoso por su coral, catalogado como el segundo m\u00e1s extenso de todo el planeta. En 1998 fue declarado \u00c1rea Natural Protegida.<\/p>\n<h2>2 Dives Local Reef Puerto Morelos<\/h2>\n<p>Nuestras salidas de buceo ser\u00e1n dos veces al d\u00eda, una por la ma\u00f1ana a las 8h 30 para dos inmersiones y por la tarde a las 13 h 00 para otras dos inmersiones. El viaje saldr\u00e1 de la playa justo en frente de la tienda de buceo y nuestro barco r\u00e1pido tomar\u00e1 entre 10 a 30 minutos para llegar al hermoso arrecife de coral.<\/p>\n<p><strong>La salida de esta actividad es desde la orilla de la playa.<\/strong><\/p>\n<p><strong>Incluye<\/strong><\/p>\n<ul>\n<li>2 inmersiones<\/li>\n<li>Aperitivos y bebidas<\/li>\n<li>Gu\u00eda de buceo certificado PADI (multilingue)<\/li>\n<\/ul>\n<p><strong>No incluye<\/strong><\/p>\n<ul>\n<li>Fotos y v\u00eddeos (servicio multimedia a la carta)<\/li>\n<li>Consejos y lo no especificado<\/li>\n<\/ul>\n<p><strong>Requisitos<\/strong><\/p>\n<ul>\n<li>Su licencia de buceo (o al menos su n\u00famero PADI)<\/li>\n<li>No volar durante las pr\u00f3ximas 18 horas<\/li>\n<li>Firmar un cuestionario m\u00e9dico y responsivo<\/li>\n<\/ul>","protected":false},"excerpt":{"rendered":"<p class=\"translation-block\">Incre\u00edbles 2 inmersiones en la Barrera Arrecifal Mesoamericana desde Puerto Morelos. Equipo incluido<\/p>\n<p>S\u00f3lo buzos certificados<\/p>\n<p>INFORMACI\u00d3N IMPORTANTE: Por razones de n\u00famero m\u00ednimo de buzos, log\u00edstica y condiciones meteorol\u00f3gicas, rogamos a nuestros estudiantes una flexibilidad de 2 \u00f3 3 d\u00edas. Haremos todo lo posible para acomodarle en las fechas solicitadas. Gracias por su comprensi\u00f3n.<\/p>\n<p>M\u00ednimo 2 buzos<\/p>\n<p>Si quieres tener tu actividad antes, contacta con nosotros por correo o whatsapp, para revisar\u00a0disponibilidad<\/p>","protected":false},"featured_media":29646,"template":"","meta":[],"product_brand":[],"product_cat":[1550],"product_tag":[],"class_list":{"0":"post-28637","1":"product","2":"type-product","3":"status-publish","4":"has-post-thumbnail","6":"product_cat-puerto-morelos-scuba-dive","8":"first","9":"instock","10":"sold-individually","11":"taxable","12":"shipping-taxable","13":"purchasable","14":"product-type-booking"},"booking_location":"","booking_location_type":"","booking_duration":1,"booking_duration_unit":"day","booking_buffer":0,"booking_cost":2300,"booking_resources":[],"aioseo_notices":[],"_links":{"self":[{"href":"https:\/\/omdelfin.com\/es\/wp-json\/wp\/v2\/product\/28637","targetHints":{"allow":["GET"]}}],"collection":[{"href":"https:\/\/omdelfin.com\/es\/wp-json\/wp\/v2\/product"}],"about":[{"href":"https:\/\/omdelfin.com\/es\/wp-json\/wp\/v2\/types\/product"}],"wp:featuredmedia":[{"embeddable":true,"href":"https:\/\/omdelfin.com\/es\/wp-json\/wp\/v2\/media\/29646"}],"wp:attachment":[{"href":"https:\/\/omdelfin.com\/es\/wp-json\/wp\/v2\/media?parent=28637"}],"wp:term":[{"taxonomy":"product_brand","embeddable":true,"href":"https:\/\/omdelfin.com\/es\/wp-json\/wp\/v2\/product_brand?post=28637"},{"taxonomy":"product_cat","embeddable":true,"href":"https:\/\/omdelfin.com\/es\/wp-json\/wp\/v2\/product_cat?post=28637"},{"taxonomy":"product_tag","embeddable":true,"href":"https:\/\/omdelfin.com\/es\/wp-json\/wp\/v2\/product_tag?post=28637"}],"curies":[{"name":"wp","href":"https:\/\/api.w.org\/{rel}","templated":true}]}}