{"id":29742,"date":"2025-05-23T18:06:25","date_gmt":"2025-05-23T23:06:25","guid":{"rendered":"https:\/\/omdelfin.com\/?post_type=product&#038;p=29742"},"modified":"2026-02-26T00:53:37","modified_gmt":"2026-02-26T05:53:37","slug":"3-advanced-open-water-diver","status":"publish","type":"product","link":"http:\/\/omdelfin.com\/es\/excursion\/3-advanced-open-water-diver\/","title":{"rendered":"3. ADVANCED OPEN WATER DIVER"},"content":{"rendered":"<p>LO QUE VER\u00c1<\/p>\n<h2>ADVANCE OPEN WATER<\/h2>\n<p>Descubra diferentes tipos de corales duros o blandos, junto con una abundante vida marina, como rayas, tortugas, peces loro, peces globo, peces le\u00f3n, peces soldado, roncos y muchos m\u00e1s.<\/p>\n<p>Equipo<\/p>\n<p>Proporcionaremos: dispositivo de control de flotabilidad (BCD), regulador, traje de neopreno, m\u00e1scara, aletas, pesas, tanques y linterna si es necesario.<\/p>\n<p>Los buzos PADI (Junior) de aguas abiertas que tengan al menos 12 a\u00f1os est\u00e1n preparados para dar un paso adelante y matricularse en un curso Advanced Open Water Diver.<\/p>\n<p><strong>Incluye<\/strong><\/p>\n<ul>\n<li>Programa de 2 a 3 d\u00edas<\/li>\n<li>Equipo incluido<\/li>\n<li>5 inmersiones con diferentes especialidades a elegir<\/li>\n<li>Certificaci\u00f3n<\/li>\n<\/ul>\n<p><strong>No incluye<\/strong><\/p>\n<ul>\n<li>Libros y tablas de buceo (aproximadamente 1500 MXN)<\/li>\n<\/ul>","protected":false},"excerpt":{"rendered":"<p>No es necesario ser \u00abavanzado\u00bb para realizarlo, ya que ese es precisamente el objetivo del curso PADI Advanced Open Water: ayudarte a mejorar tus habilidades de buceo. Puedes empezar justo despu\u00e9s de obtener tu certificaci\u00f3n PADI Open Water Diver. Este curso te ayuda a ganar confianza y ampliar tus habilidades de buceo a trav\u00e9s de una variedad de inmersiones de aventura. Pruebas diferentes especialidades mientras adquieres experiencia bajo la supervisi\u00f3n de tu instructor PADI. A medida que registras tus inmersiones, desarrollas nuevas capacidades y descubres m\u00e1s formas de disfrutar del buceo.<\/p>\n<p>&nbsp;<\/p>\n<p>Si quieres reservar tu actividad con antelaci\u00f3n, cont\u00e1ctanos por correo electr\u00f3nico o WhatsApp para comprobar la disponibilidad.<\/p>\n<p>&nbsp;<\/p>","protected":false},"featured_media":29694,"template":"","meta":[],"product_brand":[],"product_cat":[1552],"product_tag":[],"class_list":{"0":"post-29742","1":"product","2":"type-product","3":"status-publish","4":"has-post-thumbnail","6":"product_cat-diving-courses","8":"first","9":"instock","10":"sold-individually","11":"taxable","12":"shipping-taxable","13":"purchasable","14":"product-type-booking"},"booking_location":"","booking_location_type":"","booking_duration":1,"booking_duration_unit":"day","booking_buffer":0,"booking_cost":8350,"booking_resources":[],"aioseo_notices":[],"_links":{"self":[{"href":"http:\/\/omdelfin.com\/es\/wp-json\/wp\/v2\/product\/29742","targetHints":{"allow":["GET"]}}],"collection":[{"href":"http:\/\/omdelfin.com\/es\/wp-json\/wp\/v2\/product"}],"about":[{"href":"http:\/\/omdelfin.com\/es\/wp-json\/wp\/v2\/types\/product"}],"wp:featuredmedia":[{"embeddable":true,"href":"http:\/\/omdelfin.com\/es\/wp-json\/wp\/v2\/media\/29694"}],"wp:attachment":[{"href":"http:\/\/omdelfin.com\/es\/wp-json\/wp\/v2\/media?parent=29742"}],"wp:term":[{"taxonomy":"product_brand","embeddable":true,"href":"http:\/\/omdelfin.com\/es\/wp-json\/wp\/v2\/product_brand?post=29742"},{"taxonomy":"product_cat","embeddable":true,"href":"http:\/\/omdelfin.com\/es\/wp-json\/wp\/v2\/product_cat?post=29742"},{"taxonomy":"product_tag","embeddable":true,"href":"http:\/\/omdelfin.com\/es\/wp-json\/wp\/v2\/product_tag?post=29742"}],"curies":[{"name":"wp","href":"https:\/\/api.w.org\/{rel}","templated":true}]}}