{"id":29733,"date":"2025-05-23T18:02:32","date_gmt":"2025-05-23T23:02:32","guid":{"rendered":"https:\/\/omdelfin.com\/?post_type=product&#038;p=29733"},"modified":"2025-10-06T16:07:12","modified_gmt":"2025-10-06T21:07:12","slug":"5-dive-master","status":"publish","type":"product","link":"http:\/\/omdelfin.com\/es\/excursion\/5-dive-master\/","title":{"rendered":"5. DIVE MASTER"},"content":{"rendered":"<p>\u00bfLe gusta el buceo? \u00bfQuieres compartirlo con los dem\u00e1s a un nivel completamente nuevo? Haz el curso PADI Divemaster y ded\u00edcate a lo que m\u00e1s te gusta. Los buzos admiran a los divemasters porque son l\u00edderes que gu\u00edan y motivan a los dem\u00e1s. Como divemaster, no s\u00f3lo se llega a bucear mucho, sino tambi\u00e9n experimentar la alegr\u00eda de ver a otros divertirse tanto buceando como usted.<\/p>\n<h2>DIVE MASTER COURSE<\/h2>\n<p>Como PADI Divemaster, guiar\u00e1s a otros mientras supervisas actividades de buceo y asistes en la formaci\u00f3n de buzos. Tanto si quieres trabajar en un destino de buceo lejano o cerca de casa en una tienda de buceo local, la aventura de tu vida te espera. Los Divemasters PADI son respetados profesionales del buceo que est\u00e1n alineados con la organizaci\u00f3n de buceo m\u00e1s grande y respetada del mundo - PADI.<\/p>\n<p>&nbsp;<\/p>\n<p><strong>LO QUE VER\u00c1<\/strong><\/p>\n<p>Diferentes tipos de corales duros o blandos con abundante vida marina como rayas, turtlles, peces loro, peces globo, peces le\u00f3n, peces soldado, peces gru\u00f1\u00f3n...<\/p>\n<p>&nbsp;<\/p>\n<div class=\"elementor-element elementor-element-a341764 elementor-widget elementor-widget-heading\" data-id=\"a341764\" data-element_type=\"widget\" data-widget_type=\"heading.default\">\n<div class=\"elementor-widget-container\">\n<h3 class=\"elementor-heading-title elementor-size-default\">Equipo<\/h3>\n<\/div>\n<\/div>\n<div class=\"elementor-element elementor-element-80bbdb2 elementor-widget elementor-widget-text-editor\" data-id=\"80bbdb2\" data-element_type=\"widget\" data-widget_type=\"text-editor.default\">\n<div class=\"elementor-widget-container\">\n<p>Te proporcionaremos: chaleco, reguladores, trajes de neopreno, m\u00e1scaras, aletas, plomos, y linternas si es necesario.<\/p>\n<\/div>\n<p>&nbsp;<\/p>\n<ul>\n<li>Un m\u00ednimo de 50 inmersiones registradas<\/li>\n<li>Programa de 8 a 10 d\u00edas<\/li>\n<li>Equipo incluido<\/li>\n<li>Paquete de tripulaci\u00f3n Divemaster<\/li>\n<li>Formaci\u00f3n e inmersiones<\/li>\n<li>Los libros y las tablas de buceo no est\u00e1n incluidos (aproximadamente 1700 MXN).<\/li>\n<\/ul>\n<\/div>","protected":false},"excerpt":{"rendered":"<p>El curso PADI Divemaster es tu primer nivel de formaci\u00f3n profesional. Trabajando estrechamente con un Instructor PADI, afinar\u00e1s tus habilidades de buceo, como perfeccionar la flotabilidad sin esfuerzo, y perfeccionar\u00e1s tus habilidades de rescate para que puedas anticipar y resolver f\u00e1cilmente los problemas comunes. Adquirir\u00e1s conocimientos de buceo y habilidades de gesti\u00f3n y supervisi\u00f3n para convertirte en un modelo a seguir para los buzos de todo el mundo.<\/p>\n<p>Si quieres tener tu actividad antes, contacta con nosotros por correo o whatsapp, para revisar\u00a0disponibilidad<\/p>\n<p>&nbsp;<\/p>","protected":false},"featured_media":29701,"template":"","meta":[],"product_brand":[],"product_cat":[1552],"product_tag":[],"class_list":{"0":"post-29733","1":"product","2":"type-product","3":"status-publish","4":"has-post-thumbnail","6":"product_cat-diving-courses","8":"first","9":"instock","10":"sold-individually","11":"taxable","12":"shipping-taxable","13":"purchasable","14":"product-type-booking"},"booking_location":"","booking_location_type":"","booking_duration":1,"booking_duration_unit":"day","booking_buffer":0,"booking_cost":22900,"booking_resources":[],"aioseo_notices":[],"_links":{"self":[{"href":"http:\/\/omdelfin.com\/es\/wp-json\/wp\/v2\/product\/29733","targetHints":{"allow":["GET"]}}],"collection":[{"href":"http:\/\/omdelfin.com\/es\/wp-json\/wp\/v2\/product"}],"about":[{"href":"http:\/\/omdelfin.com\/es\/wp-json\/wp\/v2\/types\/product"}],"wp:featuredmedia":[{"embeddable":true,"href":"http:\/\/omdelfin.com\/es\/wp-json\/wp\/v2\/media\/29701"}],"wp:attachment":[{"href":"http:\/\/omdelfin.com\/es\/wp-json\/wp\/v2\/media?parent=29733"}],"wp:term":[{"taxonomy":"product_brand","embeddable":true,"href":"http:\/\/omdelfin.com\/es\/wp-json\/wp\/v2\/product_brand?post=29733"},{"taxonomy":"product_cat","embeddable":true,"href":"http:\/\/omdelfin.com\/es\/wp-json\/wp\/v2\/product_cat?post=29733"},{"taxonomy":"product_tag","embeddable":true,"href":"http:\/\/omdelfin.com\/es\/wp-json\/wp\/v2\/product_tag?post=29733"}],"curies":[{"name":"wp","href":"https:\/\/api.w.org\/{rel}","templated":true}]}}